{"id":8426,"date":"2019-12-12T12:57:29","date_gmt":"2019-12-12T12:57:29","guid":{"rendered":"https:\/\/topcasinoexpert.com\/?page_id=8426"},"modified":"2025-09-26T20:40:10","modified_gmt":"2025-09-26T20:40:10","slug":"policy","status":"publish","type":"page","link":"https:\/\/topcasinoexpert.com\/hr\/policy\/","title":{"rendered":"Uvjeti i odredbe"},"content":{"rendered":"\r\n<p class=\"paragraf-custom\">\r\nDobrodo\u0161li na na\u0161u web stranicu! Nastavkom kori\u0161tenja web stranice, suglasni ste da \u0107ete se pridr\u017eavati sljede\u0107ih pravila. Ako se ne sla\u017eete s bilo kojim dijelom ovih uvjeta i odredbi, prestanite koristiti web stranicu.\r\n<\/p>\r\n\r\n\r\n\r\n<p>Datum provedbe:\r\nIzrazi kao \u0161to su &#8220;nas&#8221;, &#8220;mi&#8221; ili &#8220;na\u0161&#8221; od sada \u0107e se nazivati &#8220;usluga&#8221;. Izraz &#8220;vi&#8221; odnosi se na korisnika web stranice.\r\n\r\n <\/p>\r\n\r\n\r\n\r\n<p>Ako odlu\u010dite koristiti na\u0161e Usluge i \u017eelite znati vi\u0161e o mogu\u0107nostima koji se ti\u010du va\u0161ih osobnih podataka, ova stranica \u0107e vam pru\u017eiti informacije o politikama privatnosti koje smo osmislili i obja\u0161njava na\u010dela prikupljanja, kori\u0161tenja i dijeljenja osobnih podataka. \r\n <\/p>\r\n\r\n\r\n\r\n<p>Koristimo va\u0161e podatke s ciljem stalnog pobolj\u0161anja na\u0161e usluge. Kori\u0161tenjem usluge koju pru\u017ea na\u0161a web stranica prihva\u0107ate uvjete prikupljanja i kori\u0161tenja va\u0161ih osobnih podataka u skladu s ovom politikom. \r\n <\/p>\r\n\r\n\r\n\r\n<h2 class=\"h4-custom wp-block-heading\">Prikupljanje i kori\u0161tenje informacija<\/h2>\r\n\r\n\r\n\r\n<p>Kako bismo vam pru\u017eili \u0161to bolju uslugu i pobolj\u0161ali je prema vama i va\u0161im \u017eeljama, prikupljamo razli\u010dite podatke koji se koriste u razli\u010dite svrhe Kako bismo vam pru\u017eili \u0161to bolju uslugu i pobolj\u0161ali je prema vama i va\u0161im \u017eeljama, prikupljamo razli\u010dite podatke koji se koriste u razli\u010dite svrhe \r\n <\/p>\r\n\r\n\r\n\r\n<h2 class=\"h4-custom wp-block-heading\">Vrste prikupljenih podataka<\/h2>\r\n\r\n\r\n\r\n<h3 class=\"h4-custom wp-block-heading\">Osobni podaci<\/h3>\r\n\r\n\r\n\r\n<p>Tijekom kori\u0161tenja na\u0161e usluge od vas \u0107e se mo\u017eda zatra\u017eiti da nam dostavite odre\u0111ene osobne podatke koji se mogu koristiti za kontakt ili identifikaciju (\u201eOsobni podaci\u201d). Identifikacijski podaci mogu uklju\u010divati, ali nisu ograni\u010deni na:\r\n <\/p>\r\n\r\n\r\n\r\n<ul class=\"custom-list\"><li>Email adresu<\/li><li>Ime i prezime<\/li><li>Telefonski broj<\/li><li>Kola\u010di\u0107i i podaci o upotrebi<\/li><\/ul>\r\n\r\n\r\n\r\n<h2 class=\"h4-custom wp-block-heading\">Podaci o upotrebi<\/h2>\r\n\r\n\r\n\r\n<p>Tako\u0111er bismo mogli prikupljati podatke o tome kako se Usluzi pristupa i kako se koristi (&#8216;Kori\u0161tenje podataka&#8217;). Ova upotreba podataka mo\u017ee uklju\u010divati informacije kao \u0161to su adresa internetskog protokola va\u0161eg ra\u010dunala (IP adresa), vrsta i verzija preglednika, stranice na\u0161e usluge koje ste posjetili, vrijeme i datum va\u0161eg posljednjeg posjeta, vrijeme provedeno na tim odre\u0111enim stranicama , jedinstvene identifikacije ure\u0111aja i druge dijagnosti\u010dke podatke.\r\n<\/p>\r\n\r\n\r\n\r\n<h3 class=\"h4-custom wp-block-heading\">Podaci o pra\u0107enju i kola\u010di\u0107ima<\/h3>\r\n\r\n\r\n\r\n<p>\r\nKoristimo kola\u010di\u0107e i sli\u010dne tehnologije pra\u0107enja za pra\u0107enje aktivnosti na na\u0161oj usluzi i \u010duvanje odre\u0111enih podataka.\r\n<\/p>\r\n\r\n\r\n\r\n<p>\r\nKola\u010di\u0107i su male datoteke koje se pohranjuju na va\u0161em ra\u010dunalu, tabletu ili telefonu. Dizajnirani su za \u010duvanje male koli\u010dine podataka kojima mo\u017ee pristupiti web poslu\u017eitelj ili korisnik. Koristimo ih za pobolj\u0161anje i analizu na\u0161e Usluge.\r\n<\/p>\r\n\r\n\r\n\r\n<p>\r\nMo\u017eete izmijeniti postavke u svom pregledniku kako biste odbili sve kola\u010di\u0107e ili nazna\u010dili kada je kola\u010di\u0107 dopu\u0161ten za slanje. Me\u0111utim, ako ne prihva\u0107ate kola\u010di\u0107e na na\u0161oj web stranici, mo\u017eda vam ne\u0107emo mo\u0107i pru\u017eiti potpunu uslugu i ne\u0107ete mo\u0107i koristiti neke dijelove Usluge.\r\n<\/p>\r\n\r\n\r\n\r\n<p>Primjeri kola\u010di\u0107a koje koristimo:\r\n<\/p>\r\n\r\n\r\n\r\n<ul class=\"custom-list\"><li>Sesijski kola\u010di\u0107i \u2013 za pokretanje na\u0161e usluge<\/li><li>Preferencijalni kola\u010di\u0107i \u2013 omogu\u0107uju arhiviranje informacija o va\u0161im preferencijama i razli\u010ditim postavkama<\/li><li>Sigurnosni kola\u010di\u0107i \u2013 slu\u017ee u sigurnosne svrhe<\/li><\/ul>\r\n\r\n\r\n\r\n<h3 class=\"h4-custom wp-block-heading\">Upotreba podataka<\/h3>\r\n\r\n\r\n\r\n<p>Usluga koristi prikupljene podatke u razli\u010dite svrhe:\r\n<\/p>\r\n\r\n\r\n\r\n<ul class=\"custom-list\"><li>Za ponudu i podr\u0161ku Usluge<\/li><li>Za obavijest o promjenama na\u0161e Usluge<\/li><li>Da vam omogu\u0107imo sudjelovanje u interaktivnim zna\u010dajkama na\u0161e Usluge kada to odlu\u010dite<\/li><li>Pru\u017eanje brige i podr\u0161ke korisnicima<\/li><li>Za analizu ili vrijedne informacije u svrhz pobolj\u0161anja Usluge<\/li><li>Za pra\u0107enje kori\u0161tenja Usluge<\/li><li>Prepoznavanje, zaustavljanje i rje\u0161avanje tehni\u010dkih problema<\/li><\/ul>\r\n\r\n\r\n\r\n<p>Sigurnost va\u0161ih podataka nam je vrlo va\u017ena. Poduzet \u0107emo sve potrebne korake kako bismo osigurali da va\u0161i podaci budu sigurni i u skladu s Uvjetima i odredbama, te da se ne\u0107e dogoditi prijenos va\u0161ih podataka i osobnih podataka organizaciji, zemlji ili drugim osobama.\r\n<\/p>\r\n\r\n\r\n\r\n<h2 class=\"h4-custom wp-block-heading\">Privatnost djece<\/h2>\r\n\r\n\r\n\r\n<p>Na\u0161u uslugu ne smije koristiti niti jedna osoba mla\u0111a od 18 godina. Ne prikupljamo svjesno podatke od bilo koje osobe mla\u0111e od 18 godina. Ako ste roditelj ili skrbnik i znate da nam je va\u0161e dijete dalo svoje podatke, odmah nas kontaktirajte. Ako saznamo da smo prikupili podatke od maloljetnika, poduzet \u0107emo sve korake da te podatke uklonimo.\r\n<\/p>\r\n\r\n\r\n\r\n<h2 class=\"h4-custom wp-block-heading\">Izmjene<\/h2>\r\n\r\n\r\n\r\n<p>Mo\u017eda \u0107emo a\u017eurirati na\u0161e Uvjete i odredbe. Ako se to dogodi, obavijestit \u0107emo vas o svim promjenama putem e-po\u0161te i\/ili obavijesti na na\u0161oj usluzi. Promjene \u0107e stupiti na snagu \u010dim budu objavljene na ovoj stranici, osim ako nije druga\u010dije navedeno.\r\n<\/p>\r\n\r\n\r\n\r\n<h2 class=\"h4-custom wp-block-heading\">Kontaktirajte nas<\/h2>\r\n\r\n\r\n\r\n<p>Ako imate bilo kakvih pitanja o na\u0161im Uvjetima i odredbama, kontaktirajte nas:  <a>info@topcasinoexpert.com<\/a>\r\n<\/p>\r\n\r\n\r\n\r\n\r\n<p><!-- \/end hide--><\/p>","protected":false},"excerpt":{"rendered":"Dobrodo\u0161li na na\u0161u web stranicu! Nastavkom kori\u0161tenja web stranice, suglasni ste da \u0107ete se pridr\u017eavati sljede\u0107ih pravila. Ako se ne sla\u017eete s bilo kojim dijelom ovih uvjeta i odredbi, prestanite koristiti web stranicu. Datum provedbe: Izrazi kao \u0161to su &#8220;nas&#8221;, &#8220;mi&#8221; ili &#8220;na\u0161&#8221; od sada \u0107e se nazivati &#8220;usluga&#8221;. Izraz &#8220;vi&#8221; odnosi se na korisnika [&hellip;]","protected":false},"author":1,"featured_media":0,"parent":0,"menu_order":0,"comment_status":"closed","ping_status":"closed","template":"","meta":{"footnotes":""},"acf":[],"yoast_head":"<!-- This site is optimized with the Yoast SEO plugin v17.9 - https:\/\/yoast.com\/wordpress\/plugins\/seo\/ -->\n<link rel=\"canonical\" href=\"https:\/\/topcasinoexpert.com\/hr\/wp-json\/wp\/v2\/pages\/8426\/\" \/>\n<meta property=\"og:locale\" content=\"hr_HR\" \/>\n<meta property=\"og:locale:alternate\" content=\"en\" \/>\n<meta property=\"og:locale:alternate\" content=\"uk\" \/>\n<meta property=\"og:locale:alternate\" content=\"de\" \/>\n<meta property=\"og:locale:alternate\" content=\"pl\" \/>\n<meta property=\"og:locale:alternate\" content=\"cs\" \/>\n<meta property=\"og:type\" content=\"article\" \/>\n<meta property=\"og:url\" content=\"https:\/\/topcasinoexpert.com\/hr\/policy\/\" \/>\n<meta property=\"og:site_name\" content=\"TopCasinoExpert\" \/>\n<meta property=\"article:modified_time\" content=\"2025-09-26T20:40:10+00:00\" \/>\n<meta property=\"og:image\" content=\"https:\/\/topcasinoexpert.com\/wp-content\/themes\/topcasinoexpert\/images\/logo_new.svg\" \/>\n\t<meta property=\"og:image:width\" content=\"105\" \/>\n\t<meta property=\"og:image:height\" content=\"114\" \/>\n\t<meta property=\"og:image:type\" content=\"image\/png\" \/>\n<meta name=\"twitter:card\" content=\"summary_large_image\" \/>\n<meta name=\"twitter:label1\" content=\"Procijenjeno vrijeme \u010ditanja\" \/>\n\t<meta name=\"twitter:data1\" content=\"3 minute\" \/>\n<script type=\"application\/ld+json\" class=\"yoast-schema-graph\">{\"@context\":\"https:\/\/schema.org\",\"@graph\":[{\"@type\":\"WebSite\",\"@id\":\"https:\/\/topcasinoexpert.com\/#website\",\"url\":\"https:\/\/topcasinoexpert.com\/\",\"name\":\"TopCasinoExpert\",\"description\":\"\",\"potentialAction\":[{\"@type\":\"SearchAction\",\"target\":{\"@type\":\"EntryPoint\",\"urlTemplate\":\"https:\/\/topcasinoexpert.com\/?s={search_term_string}\"},\"query-input\":\"required name=search_term_string\"}],\"inLanguage\":\"hr\"},{\"@type\":\"WebPage\",\"@id\":\"https:\/\/topcasinoexpert.com\/hr\/policy\/#webpage\",\"url\":\"https:\/\/topcasinoexpert.com\/hr\/policy\/\",\"name\":\"[:en]Policy[:ua]\\u041f\\u043e\\u043b\\u043e\\u0436\\u0435\\u043d\\u043d\\u044f \\u0442\\u0430 \\u0423\\u043c\\u043e\\u0432\\u0438[:de]Richtlinie[:pl]Policy \\u2022[:cz]XQMy[:hr]Uvjeti i odredbe[:]\",\"isPartOf\":{\"@id\":\"https:\/\/topcasinoexpert.com\/#website\"},\"datePublished\":\"2019-12-12T12:57:29+00:00\",\"dateModified\":\"2025-09-26T20:40:10+00:00\",\"inLanguage\":\"hr\",\"potentialAction\":[{\"@type\":\"ReadAction\",\"target\":[\"https:\/\/topcasinoexpert.com\/hr\/policy\/\"]}],\"description\":\"\"},[]]}<\/script>\n<!-- \/ Yoast SEO plugin. -->","yoast_head_json":{"canonical":"https:\/\/topcasinoexpert.com\/hr\/wp-json\/wp\/v2\/pages\/8426\/","og_locale":"hr_HR","og_type":"article","og_url":"https:\/\/topcasinoexpert.com\/hr\/policy\/","og_site_name":"TopCasinoExpert","article_modified_time":"2025-09-26T20:40:10+00:00","og_image":[{"width":105,"height":114,"url":"https:\/\/topcasinoexpert.com\/wp-content\/themes\/topcasinoexpert\/images\/logo_new.svg","type":"image\/png"}],"twitter_card":"summary_large_image","twitter_misc":{"Procijenjeno vrijeme \u010ditanja":"3 minute"},"schema":{"@context":"https:\/\/schema.org","@graph":[{"@type":"WebSite","@id":"https:\/\/topcasinoexpert.com\/#website","url":"https:\/\/topcasinoexpert.com\/","name":"TopCasinoExpert","description":"","potentialAction":[{"@type":"SearchAction","target":{"@type":"EntryPoint","urlTemplate":"https:\/\/topcasinoexpert.com\/?s={search_term_string}"},"query-input":"required name=search_term_string"}],"inLanguage":"hr"},{"@type":"WebPage","@id":"https:\/\/topcasinoexpert.com\/hr\/policy\/#webpage","url":"https:\/\/topcasinoexpert.com\/hr\/policy\/","name":"[:en]Policy[:ua]\u041f\u043e\u043b\u043e\u0436\u0435\u043d\u043d\u044f \u0442\u0430 \u0423\u043c\u043e\u0432\u0438[:de]Richtlinie[:pl]Policy \u2022[:cz]XQMy[:hr]Uvjeti i odredbe[:]","isPartOf":{"@id":"https:\/\/topcasinoexpert.com\/#website"},"datePublished":"2019-12-12T12:57:29+00:00","dateModified":"2025-09-26T20:40:10+00:00","inLanguage":"hr","potentialAction":[{"@type":"ReadAction","target":["https:\/\/topcasinoexpert.com\/hr\/policy\/"]}],"description":""},[]]}},"_links":{"self":[{"href":"https:\/\/topcasinoexpert.com\/hr\/wp-json\/wp\/v2\/pages\/8426"}],"collection":[{"href":"https:\/\/topcasinoexpert.com\/hr\/wp-json\/wp\/v2\/pages"}],"about":[{"href":"https:\/\/topcasinoexpert.com\/hr\/wp-json\/wp\/v2\/types\/page"}],"author":[{"embeddable":true,"href":"https:\/\/topcasinoexpert.com\/hr\/wp-json\/wp\/v2\/users\/1"}],"replies":[{"embeddable":true,"href":"https:\/\/topcasinoexpert.com\/hr\/wp-json\/wp\/v2\/comments?post=8426"}],"version-history":[{"count":1,"href":"https:\/\/topcasinoexpert.com\/hr\/wp-json\/wp\/v2\/pages\/8426\/revisions"}],"predecessor-version":[{"id":64079,"href":"https:\/\/topcasinoexpert.com\/hr\/wp-json\/wp\/v2\/pages\/8426\/revisions\/64079"}],"wp:attachment":[{"href":"https:\/\/topcasinoexpert.com\/hr\/wp-json\/wp\/v2\/media?parent=8426"}],"curies":[{"name":"wp","href":"https:\/\/api.w.org\/{rel}","templated":true}]}}