{"id":7531,"date":"2019-10-26T13:56:47","date_gmt":"2019-10-26T13:56:47","guid":{"rendered":"https:\/\/topcasinoexpert.com\/?page_id=7531"},"modified":"2025-09-27T14:39:57","modified_gmt":"2025-09-27T14:39:57","slug":"info-cookies","status":"publish","type":"page","link":"https:\/\/topcasinoexpert.com\/hr\/info-cookies\/","title":{"rendered":"Uvjeti i odredbe"},"content":{"rendered":"\r\n<p class=\"paragraf-custom\">\r\nNastavkom pregleda i kori\u0161tena ove web stranice sla\u017eete se da \u0107ete se pridr\u017eavati sljede\u0107ih uvjeta. Ako se ne sla\u017eete s ovim Uvjetima i odredbama, prestanite koristiti ovu web stranicu. Ne preuzimamo nikakvu pravnu odgovornost za bilo kakve pogre\u0161ke u na\u0161im materijalima. Na\u0161i korisnici (vi) odgovorni ste za utvr\u0111ivanje jeste li vam zakonom dopu\u0161teno kori\u0161tenje na\u0161e usluge\r\n<\/p>\r\n\r\n\r\n<!-- \/wp:column -->\r\n\r\n<!-- \/wp:columns -->\r\n\r\n<ul class=\"custom-list terms-list\">\r\n  <li>Ne preuzimamo nikakvu pravnu odgovornost za bilo kakve pogre\u0161ke u na\u0161im materijalima.<\/li>\r\n  <li>Na\u0161i korisnici (vi) odgovorni su za utvr\u0111ivanje je li im zakonom dopu\u0161teno kori\u0161tenje na\u0161e usluge<\/li>\r\n  <li>Nismo odgovorni za bilo kakvu \u0161tetu koja mo\u017ee nastati kori\u0161tenjem na\u0161ih materijala<\/li>\r\n  <li>Ova web stranica koristi kola\u010di\u0107e za pra\u0107enje postavki pregledavanja, no oni se koriste u skladu s na\u0161im Pravilima privatnosti.<\/li>\r\n  <li>Ne zahtijevamo otkrivanje osobnih podataka od bilo koje osobe mla\u0111e od 18 godina.<\/li>\r\n  <li>Ne prikupljamo niti prodajemo nikakve podatke tvrtkama ili osobama tre\u0107ih strana.<\/li>\r\n  <li>Sve informacije koje se nalaze na ovoj web stranici ne slu\u017ee i ne smiju se koristiti kao pravni savjet.<\/li>\r\n  <li>Kori\u0161tenje svih informacija\/materijala na ovoj web stranici u potpunosti je na vlastitu odgovornost. Va\u0161a je vlastita odgovornost osigurati da svi proizvodi koje \u017eelite koristiti budu u skladu s va\u0161im standardima i specifi\u010dnim zahtjevima.<\/li>\r\n  <li>Ne snosimo odgovornost za bilo kakve gubitke koje mo\u017eete do\u017eivjeti tijekom kori\u0161tenja na\u0161e web stranice.<\/li>\r\n  <li>Ako imate bilo kakvih pitanja, na\u0161a Slu\u017eba za korisnike stoji vam na raspolaganju.<\/li>\r\n  <li>Mo\u017eemo ukloniti sadr\u017eaj ako je povezan s mr\u017enjom, vulgarnostima, seksualnom orijentacijom, prijetnjama, diskriminacijom, zadire u tu\u0111u privatnost ili na bilo koji na\u010din kr\u0161i me\u0111unarodne zakone<\/li>\r\n  <li>Ova web stranica sadr\u017ei materijal koji je u vlasni\u0161tvu ili je licenciran za nas. To mo\u017ee uklju\u010divati, ali nije ograni\u010deno na: izgled, dizajn, grafiku, tekst i izgled. Kopiranje i ure\u0111ivanje takvih materijala zabranjeno je, osim u skladu s obavijesti o autorskim pravima.<\/li>\r\n  <li>Ova web stranica mo\u017ee sadr\u017eavati poveznice na druge web stranice. Dodaju se radi pru\u017eanja dodatnih i \u010desto detaljnijih informacija. Ne snosimo odgovornost za sadr\u017eaj na povezanim web stranicama. To tako\u0111er ne zna\u010di da podr\u017eavamo materijale koji se nalaze na ovim web stranicama.<\/li>\r\n  <li>\u010cinimo sve \u0161to je u na\u0161oj mo\u0107i da vam pru\u017eimo aktualne informacije, a da pritom ostanemo po\u0161teni i eti\u010dni. Mi smo web stranica za usporedbu online casina posve\u0107ena pru\u017eanju informacija koje \u0107e vam pomo\u0107i da izvu\u010dete vi\u0161e iz istinskog i ugodnog casino iskustva. Nudimo mnogo informacija, od recenzija casina do detaljnijih vodi\u010da.<\/li>\r\n  <li>Igra\u010d je jedina osoba odgovorna za sve aspekte igranja u online casinu i iskori\u0161tavanja bilo kakvih ponuda ili prilika, kao i za provjeru ispunjavanja uvjeta za bonuse, programe vjernosti, nagrade, promocije itd.<\/li>\r\n  <li>Ne jam\u010dimo sigurnost bilo kojeg online casina. To uklju\u010duje, ali nije ograni\u010deno na prijetnje sigurnosti, viruse, gubitak informacija, tehni\u010dke gre\u0161ke, nov\u010dane gubitke ili bilo koje druge gubitke ili \u0161tete. Na\u0161e web stranice, svi logotipi, dizajni, nazivi, grafika i sadr\u017eaj za\u0161ti\u0107eni su zakonima o autorskim pravima, zakonima o intelektualnom vlasni\u0161tvu i ugovornim odredbama. Sve informacije i sadr\u017eaji koji se nalaze na ovoj web stranici u na\u0161em su vlasni\u0161tvu.<\/li>\r\n<\/ul>","protected":false},"excerpt":{"rendered":"Nastavkom pregleda i kori\u0161tena ove web stranice sla\u017eete se da \u0107ete se pridr\u017eavati sljede\u0107ih uvjeta. Ako se ne sla\u017eete s ovim Uvjetima i odredbama, prestanite koristiti ovu web stranicu. Ne preuzimamo nikakvu pravnu odgovornost za bilo kakve pogre\u0161ke u na\u0161im materijalima. Na\u0161i korisnici (vi) odgovorni ste za utvr\u0111ivanje jeste li vam zakonom dopu\u0161teno kori\u0161tenje na\u0161e [&hellip;]","protected":false},"author":1,"featured_media":0,"parent":0,"menu_order":0,"comment_status":"closed","ping_status":"closed","template":"","meta":{"footnotes":""},"acf":[],"yoast_head":"<!-- This site is optimized with the Yoast SEO plugin v17.9 - https:\/\/yoast.com\/wordpress\/plugins\/seo\/ -->\n<link rel=\"canonical\" href=\"https:\/\/topcasinoexpert.com\/hr\/wp-json\/wp\/v2\/pages\/7531\/\" \/>\n<meta property=\"og:locale\" content=\"hr_HR\" \/>\n<meta property=\"og:locale:alternate\" content=\"en\" \/>\n<meta property=\"og:locale:alternate\" content=\"uk\" \/>\n<meta property=\"og:locale:alternate\" content=\"de\" \/>\n<meta property=\"og:locale:alternate\" content=\"pl\" \/>\n<meta property=\"og:locale:alternate\" content=\"cs\" \/>\n<meta property=\"og:type\" content=\"article\" \/>\n<meta property=\"og:url\" content=\"https:\/\/topcasinoexpert.com\/hr\/info-cookies\/\" \/>\n<meta property=\"og:site_name\" content=\"TopCasinoExpert\" \/>\n<meta property=\"article:modified_time\" content=\"2025-09-27T14:39:57+00:00\" \/>\n<meta property=\"og:image\" content=\"https:\/\/topcasinoexpert.com\/wp-content\/themes\/topcasinoexpert\/images\/logo_new.svg\" \/>\n\t<meta property=\"og:image:width\" content=\"105\" \/>\n\t<meta property=\"og:image:height\" content=\"114\" \/>\n\t<meta property=\"og:image:type\" content=\"image\/png\" \/>\n<meta name=\"twitter:card\" content=\"summary_large_image\" \/>\n<meta name=\"twitter:label1\" content=\"Procijenjeno vrijeme \u010ditanja\" \/>\n\t<meta name=\"twitter:data1\" content=\"1 minuta\" \/>\n<script type=\"application\/ld+json\" class=\"yoast-schema-graph\">{\"@context\":\"https:\/\/schema.org\",\"@graph\":[{\"@type\":\"WebSite\",\"@id\":\"https:\/\/topcasinoexpert.com\/#website\",\"url\":\"https:\/\/topcasinoexpert.com\/\",\"name\":\"TopCasinoExpert\",\"description\":\"\",\"potentialAction\":[{\"@type\":\"SearchAction\",\"target\":{\"@type\":\"EntryPoint\",\"urlTemplate\":\"https:\/\/topcasinoexpert.com\/?s={search_term_string}\"},\"query-input\":\"required name=search_term_string\"}],\"inLanguage\":\"hr\"},{\"@type\":\"WebPage\",\"@id\":\"https:\/\/topcasinoexpert.com\/info-cookies\/#webpage\",\"url\":\"https:\/\/topcasinoexpert.com\/info-cookies\/\",\"name\":\"[:en]Terms & Conditions[:ua]\\u0422\\u0435\\u0440\\u043c\\u0456\\u043d\\u0438 \\u0442\\u0430 \\u0423\\u043c\\u043e\\u0432\\u0438 \\u2022[:pl]Zasady i Warunki \\u2022[:hr]Uvjeti i odredbe[:]\",\"isPartOf\":{\"@id\":\"https:\/\/topcasinoexpert.com\/#website\"},\"datePublished\":\"2019-10-26T13:56:47+00:00\",\"dateModified\":\"2025-09-27T14:39:57+00:00\",\"inLanguage\":\"hr\",\"potentialAction\":[{\"@type\":\"ReadAction\",\"target\":[\"https:\/\/topcasinoexpert.com\/info-cookies\/\"]}],\"description\":\"\"},[]]}<\/script>\n<!-- \/ Yoast SEO plugin. -->","yoast_head_json":{"canonical":"https:\/\/topcasinoexpert.com\/hr\/wp-json\/wp\/v2\/pages\/7531\/","og_locale":"hr_HR","og_type":"article","og_url":"https:\/\/topcasinoexpert.com\/hr\/info-cookies\/","og_site_name":"TopCasinoExpert","article_modified_time":"2025-09-27T14:39:57+00:00","og_image":[{"width":105,"height":114,"url":"https:\/\/topcasinoexpert.com\/wp-content\/themes\/topcasinoexpert\/images\/logo_new.svg","type":"image\/png"}],"twitter_card":"summary_large_image","twitter_misc":{"Procijenjeno vrijeme \u010ditanja":"1 minuta"},"schema":{"@context":"https:\/\/schema.org","@graph":[{"@type":"WebSite","@id":"https:\/\/topcasinoexpert.com\/#website","url":"https:\/\/topcasinoexpert.com\/","name":"TopCasinoExpert","description":"","potentialAction":[{"@type":"SearchAction","target":{"@type":"EntryPoint","urlTemplate":"https:\/\/topcasinoexpert.com\/?s={search_term_string}"},"query-input":"required name=search_term_string"}],"inLanguage":"hr"},{"@type":"WebPage","@id":"https:\/\/topcasinoexpert.com\/info-cookies\/#webpage","url":"https:\/\/topcasinoexpert.com\/info-cookies\/","name":"[:en]Terms & Conditions[:ua]\u0422\u0435\u0440\u043c\u0456\u043d\u0438 \u0442\u0430 \u0423\u043c\u043e\u0432\u0438 \u2022[:pl]Zasady i Warunki \u2022[:hr]Uvjeti i odredbe[:]","isPartOf":{"@id":"https:\/\/topcasinoexpert.com\/#website"},"datePublished":"2019-10-26T13:56:47+00:00","dateModified":"2025-09-27T14:39:57+00:00","inLanguage":"hr","potentialAction":[{"@type":"ReadAction","target":["https:\/\/topcasinoexpert.com\/info-cookies\/"]}],"description":""},[]]}},"_links":{"self":[{"href":"https:\/\/topcasinoexpert.com\/hr\/wp-json\/wp\/v2\/pages\/7531"}],"collection":[{"href":"https:\/\/topcasinoexpert.com\/hr\/wp-json\/wp\/v2\/pages"}],"about":[{"href":"https:\/\/topcasinoexpert.com\/hr\/wp-json\/wp\/v2\/types\/page"}],"author":[{"embeddable":true,"href":"https:\/\/topcasinoexpert.com\/hr\/wp-json\/wp\/v2\/users\/1"}],"replies":[{"embeddable":true,"href":"https:\/\/topcasinoexpert.com\/hr\/wp-json\/wp\/v2\/comments?post=7531"}],"version-history":[{"count":1,"href":"https:\/\/topcasinoexpert.com\/hr\/wp-json\/wp\/v2\/pages\/7531\/revisions"}],"predecessor-version":[{"id":64082,"href":"https:\/\/topcasinoexpert.com\/hr\/wp-json\/wp\/v2\/pages\/7531\/revisions\/64082"}],"wp:attachment":[{"href":"https:\/\/topcasinoexpert.com\/hr\/wp-json\/wp\/v2\/media?parent=7531"}],"curies":[{"name":"wp","href":"https:\/\/api.w.org\/{rel}","templated":true}]}}