{"id":8426,"date":"2019-12-12T12:57:29","date_gmt":"2019-12-12T12:57:29","guid":{"rendered":"https:\/\/topcasinoexpert.com\/?page_id=8426"},"modified":"2025-09-26T20:40:10","modified_gmt":"2025-09-26T20:40:10","slug":"policy","status":"publish","type":"page","link":"https:\/\/topcasinoexpert.com\/de\/policy\/","title":{"rendered":"Richtlinie"},"content":{"rendered":"\r\n<h2 class=\"h5-custom wp-block-heading\"><strong>Allgemeine Gesch\u00e4ftsbedingungen<\/strong><\/h2>\r\n\r\n\r\n\r\n<p class=\"paragraf-custom\">Willkommen auf unserer Website! Indem Sie die Website weiterhin nutzen, verpflichten Sie sich, die folgenden Regeln einzuhalten. Wenn Sie mit irgendeinem Teil dieser Bedingungen nicht einverstanden sind, verlassen Sie bitte die Website<\/p>\r\n\r\n\r\n\r\n<p>Umsetzungsdatum:<br>\r\nBegriffe wie \u201euns\u201c, \u201ewir\u201c oder \u201eunser\u201c werden von nun an als \u201eDienst\u201c\r\nbezeichnet. Der Begriff \u201eSie\u201c bezieht sich auf den Benutzer der Website.<\/p>\r\n\r\n\r\n\r\n<p class=\"paragraf-custom\">Wenn Sie sich f\u00fcr die Nutzung unserer Dienste entscheiden und wissen m\u00f6chten, welche M\u00f6glichkeiten Sie im Zusammenhang mit personenbezogenen Daten haben, finden Sie auf dieser Seite Informationen \u00fcber die von uns entworfenen Richtlinien sowie Erl\u00e4uterungen zu den Grunds\u00e4tzen der Erfassung, Nutzung und Offenlegung von personenbezogenen Daten.<\/p>\r\n\r\n\r\n\r\n<p class=\"paragraf-custom\">Wir verwenden Ihre Daten, um eine st\u00e4ndige Verbesserung des Dienstes zu gew\u00e4hrleisten. Durch die Nutzung des Dienstes, der von unserer Website bereitgestellt wird, akzeptieren Sie die Bedingung<del>en<\/del>, dass Ihre pers\u00f6nlichen Daten in \u00dcbereinstimmung mit dieser Richtlinie gesammelt und verwendet werden.<\/p>\r\n\r\n\r\n\r\n<h2 class=\"paragraf-custom wp-block-heading\"><strong>Erfassung und Verwendung von Informationen<\/strong><\/h2>\r\n\r\n\r\n\r\n<p class=\"paragraf-custom\">Wir sammeln verschiedene Informationen f\u00fcr verschiedene Zwecke, um unseren Dienst f\u00fcr Sie bereitzustellen und zu verbessern.<\/p>\r\n\r\n\r\n\r\n<h3 class=\"h5-custom wp-block-heading\"><strong>Arten von gesammelten Daten<\/strong><\/h3>\r\n\r\n\r\n\r\n<h4 class=\"h6-custom wp-block-heading\"><strong>Pers\u00f6nliche Daten<\/strong><\/h4>\r\n\r\n\r\n\r\n<p class=\"paragraf-custom\">Bei der Nutzung unseres Dienstes werden Sie m\u00f6glicherweise aufgefordert, uns bestimmte<ins>,<\/ins> individuell erkennbare<ins>,<\/ins> pers\u00f6nliche Daten mitzuteilen, die zur Kontaktaufnahme mit Ihnen oder zu Ihrer Identifizierung verwendet werden k\u00f6nnen (\u201ePers\u00f6nliche Daten\u201c). Identifizierbare Informationen k\u00f6nnen u.a. folgende Informationen beinhalten, sind jedoch nicht darauf beschr\u00e4nkt:<\/p>\r\n\r\n\r\n\r\n<ul><li>E-Mail-Adresse<\/li><li>Vorname und Nachname<\/li><li>Telefonnummer<\/li><li>Cookies und Datennutzung<\/li><\/ul>\r\n\r\n\r\n\r\n<h4 class=\"h6-custom wp-block-heading\"><strong>Datennutzung <\/strong><\/h4>\r\n\r\n\r\n\r\n<p class=\"paragraf-custom\">Wir k\u00f6nnten auch Daten dar\u00fcber sammeln, wie auf den Dienst zugegriffen wird und wie er genutzt wird (\u201eDatennutzung\u201c). Diese Datennutzung kann Informationen wie die Internetprotokolladresse (IP-Adresse) Ihres Computers, Art und Version des Browsers, die von Ihnen besuchten Seiten unseres Dienstes, Uhrzeit und Datum Ihres letzten Besuch<ins>e<\/ins>s, die auf diesen bestimmten Seiten verbrachte Zeit, eindeutige Ger\u00e4tekennungen und andere Diagnosedaten umfassen.<\/p>\r\n\r\n\r\n\r\n<h4 class=\"h6-custom wp-block-heading\"><strong>Verfolgungs- und Cookie-Daten<\/strong><\/h4>\r\n\r\n\r\n\r\n<p class=\"paragraf-custom\">Wir verwenden Cookies und \u00e4hnliche Verfolgungstechnologien, um Aktivit\u00e4ten in Bezug auf unseren Dienst zu verfolgen und bestimmte Daten zu speichern.<\/p>\r\n\r\n\r\n\r\n<p class=\"paragraf-custom\">Cookies sind kleine Dateien, die auf Ihrem Computer, Tablet oder Telefon gespeichert werden. Sie enthalten eine kleine Menge an Daten, auf die der Webserver oder der Benutzer zugreifen kann. Wir verwenden diese Daten zur Optimierung und Analyse unseres Dienstes.<\/p>\r\n\r\n\r\n\r\n<p class=\"paragraf-custom\">Sie k\u00f6nnen die Einstellungen Ihres Browsers \u00e4ndern, um alle Cookies abzulehnen oder um festzulegen, wann ein Cookie gesendet werden darf. Wenn Sie jedoch die Verwendung von Cookies auf unserer Website nicht zulassen, kann es sein, dass wir Ihnen nicht den gesamten Dienst zur Verf\u00fcgung stellen und Sie einige Teile des Dienstes nicht nutzen k\u00f6nnen.<\/p>\r\n\r\n\r\n\r\n<p> Beispiele f\u00fcr von uns verwendete Cookies:<\/p>\r\n\r\n\r\n\r\n<ul><li><strong>Session-Cookies \u2013&nbsp;<\/strong>zur Ausf\u00fchrung unseres Dienstes<\/li><li><strong>Pr\u00e4ferenz-Cookies \u2013<\/strong>&nbsp;um Ihre Pr\u00e4ferenzen und verschiedenen Einstellungen zu\r\n     ber\u00fccksichtigen<\/li><li><strong>Sicherheits-Cookies \u2013&nbsp;<\/strong>f\u00fcr Sicherheitszwecke<\/li><\/ul>\r\n\r\n\r\n\r\n<h2 class=\"h5-custom wp-block-heading\"><strong>Verwendung von Daten<\/strong><\/h2>\r\n\r\n\r\n\r\n<p>Der Dienst verwendet die gesammelten Daten f\u00fcr verschiedene Zwecke. Und zwar,<\/p>\r\n\r\n\r\n\r\n<ul><li>um den Dienst anbieten und unterst\u00fctzen zu\r\n     k\u00f6nnen;<\/li><li>um Sie \u00fcber \u00c4nderungen bez\u00fcglich unseres\r\n     Dienstes informieren zu k\u00f6nnen;<\/li><li>um Ihnen die Teilnahme an interaktiven\r\n     Funktionen unseres Dienstes zu erm\u00f6glichen, wenn Sie dies w\u00fcnschen;<\/li><li>um Kundenbetreuung und Unterst\u00fctzung bieten zu\r\n     k\u00f6nnen;<\/li><li>um Analysen oder wertvolle Daten zu erhalten,\r\n     damit wir unseren Dienst verbessern k\u00f6nnen;<\/li><li>um die Nutzung des Dienstes \u00fcberwachen zu\r\n     k\u00f6nnen;<\/li><li>um technische Probleme erkennen, beseitigen\r\n     und angehen zu k\u00f6nnen.<\/li><\/ul>\r\n\r\n\r\n\r\n<p class=\"paragraf-custom\">Die Sicherheit Ihrer Daten ist uns wichtig. Wir ergreifen alle erforderlichen Ma\u00dfnahmen, um Ihre Daten sicher und in \u00dcbereinstimmung mit den <ins>a<\/ins><del>A<\/del>llgemeinen Gesch\u00e4ftsbedingungen zu sch\u00fctzen. Es findet keine \u00dcbertragung Ihrer Daten und pers\u00f6nlichen Informationen an Organisationen, L\u00e4nder oder andere Personen statt.<\/p>\r\n\r\n\r\n\r\n<h2 class=\"h5-custom wp-block-heading\"><strong>Datenschutz f\u00fcr Kinder<\/strong><\/h2>\r\n\r\n\r\n\r\n<p class=\"paragraf-custom\">Unser Dienst darf nicht von Personen unter 18 Jahren genutzt werden.<\/p>\r\n\r\n\r\n\r\n<p class=\"paragraf-custom\">Wir sammeln nicht wissentlich Informationen von Personen unter 18 Jahren. Wenn Sie ein Elternteil oder ein Erziehungsberechtigter sind und wissen, dass Ihr Kind uns seine Informationen zur Verf\u00fcgung gestellt hat, kontaktieren Sie uns bitte umgehend. Falls uns bekannt wird, dass wir Daten von Minderj\u00e4hrigen gesammelt haben, ergreifen wir entsprechende Ma\u00dfnahmen, um diese Informationen zu entfernen.<\/p>\r\n\r\n\r\n\r\n<h2 class=\"h5-custom wp-block-heading\"><strong>\u00c4nderungen<\/strong><\/h2>\r\n\r\n\r\n\r\n<p class=\"paragraf-custom\">Unsere <ins>a<\/ins><del>A<\/del>llgemeinen Gesch\u00e4ftsbedingungen werden g<ins>egebenenfalls<\/ins><del>gf.<\/del> aktualisiert. In diesem Fall werden wir Sie \u00fcber alle \u00c4nderungen per E-Mail und\/oder durch einen Hinweis auf unserem Dienst benachrichtigen. Sofern nicht anders angegeben, treten die \u00c4nderungen in Kraft, sobald sie auf dieser Seite ver\u00f6ffentlicht werden.<\/p>\r\n\r\n\r\n\r\n<h2 class=\"h5-custom wp-block-heading\"><strong>Kontakt<\/strong><\/h2>\r\n\r\n\r\n\r\n<p class=\"paragraf-custom\"><ins>Wenn Sie Fragen zu den <\/ins>Gesch\u00e4ftsbedingungen haben, kontaktieren Sie uns bitte unter\u00a0<a href=\"mailto:info@topcasinoexpert.com\">info@topcasinoexpert.com<\/a>.<\/p>\r\n","protected":false},"excerpt":{"rendered":"Allgemeine Gesch\u00e4ftsbedingungen Willkommen auf unserer Website! Indem Sie die Website weiterhin nutzen, verpflichten Sie sich, die folgenden Regeln einzuhalten. Wenn Sie mit irgendeinem Teil dieser Bedingungen nicht einverstanden sind, verlassen Sie bitte die Website Umsetzungsdatum: Begriffe wie \u201euns\u201c, \u201ewir\u201c oder \u201eunser\u201c werden von nun an als \u201eDienst\u201c bezeichnet. Der Begriff \u201eSie\u201c bezieht sich auf den [&hellip;]","protected":false},"author":1,"featured_media":0,"parent":0,"menu_order":0,"comment_status":"closed","ping_status":"closed","template":"","meta":{"footnotes":""},"acf":[],"yoast_head":"<!-- This site is optimized with the Yoast SEO plugin v17.9 - https:\/\/yoast.com\/wordpress\/plugins\/seo\/ -->\n<link rel=\"canonical\" href=\"https:\/\/topcasinoexpert.com\/de\/wp-json\/wp\/v2\/pages\/8426\/\" \/>\n<meta property=\"og:locale\" content=\"de_DE\" \/>\n<meta property=\"og:locale:alternate\" content=\"en\" \/>\n<meta property=\"og:locale:alternate\" content=\"uk\" \/>\n<meta property=\"og:locale:alternate\" content=\"pl\" \/>\n<meta property=\"og:locale:alternate\" content=\"cs\" \/>\n<meta property=\"og:locale:alternate\" content=\"hr\" \/>\n<meta property=\"og:type\" content=\"article\" \/>\n<meta property=\"og:url\" content=\"https:\/\/topcasinoexpert.com\/de\/policy\/\" \/>\n<meta property=\"og:site_name\" content=\"TopCasinoExpert\" \/>\n<meta property=\"article:modified_time\" content=\"2025-09-26T20:40:10+00:00\" \/>\n<meta property=\"og:image\" content=\"https:\/\/topcasinoexpert.com\/wp-content\/themes\/topcasinoexpert\/images\/logo_new.svg\" \/>\n\t<meta property=\"og:image:width\" content=\"105\" \/>\n\t<meta property=\"og:image:height\" content=\"114\" \/>\n\t<meta property=\"og:image:type\" content=\"image\/png\" \/>\n<meta name=\"twitter:card\" content=\"summary_large_image\" \/>\n<meta name=\"twitter:label1\" content=\"Gesch\u00e4tzte Lesezeit\" \/>\n\t<meta name=\"twitter:data1\" content=\"3\u00a0Minuten\" \/>\n<script type=\"application\/ld+json\" class=\"yoast-schema-graph\">{\"@context\":\"https:\/\/schema.org\",\"@graph\":[{\"@type\":\"WebSite\",\"@id\":\"https:\/\/topcasinoexpert.com\/#website\",\"url\":\"https:\/\/topcasinoexpert.com\/\",\"name\":\"TopCasinoExpert\",\"description\":\"\",\"potentialAction\":[{\"@type\":\"SearchAction\",\"target\":{\"@type\":\"EntryPoint\",\"urlTemplate\":\"https:\/\/topcasinoexpert.com\/?s={search_term_string}\"},\"query-input\":\"required name=search_term_string\"}],\"inLanguage\":\"de\"},{\"@type\":\"WebPage\",\"@id\":\"https:\/\/topcasinoexpert.com\/hr\/policy\/#webpage\",\"url\":\"https:\/\/topcasinoexpert.com\/hr\/policy\/\",\"name\":\"[:en]Policy[:ua]\\u041f\\u043e\\u043b\\u043e\\u0436\\u0435\\u043d\\u043d\\u044f \\u0442\\u0430 \\u0423\\u043c\\u043e\\u0432\\u0438[:de]Richtlinie[:pl]Policy \\u2022[:cz]XQMy[:hr]Uvjeti i odredbe[:]\",\"isPartOf\":{\"@id\":\"https:\/\/topcasinoexpert.com\/#website\"},\"datePublished\":\"2019-12-12T12:57:29+00:00\",\"dateModified\":\"2025-09-26T20:40:10+00:00\",\"inLanguage\":\"de\",\"potentialAction\":[{\"@type\":\"ReadAction\",\"target\":[\"https:\/\/topcasinoexpert.com\/hr\/policy\/\"]}],\"description\":\"\"},[]]}<\/script>\n<!-- \/ Yoast SEO plugin. -->","yoast_head_json":{"canonical":"https:\/\/topcasinoexpert.com\/de\/wp-json\/wp\/v2\/pages\/8426\/","og_locale":"de_DE","og_type":"article","og_url":"https:\/\/topcasinoexpert.com\/de\/policy\/","og_site_name":"TopCasinoExpert","article_modified_time":"2025-09-26T20:40:10+00:00","og_image":[{"width":105,"height":114,"url":"https:\/\/topcasinoexpert.com\/wp-content\/themes\/topcasinoexpert\/images\/logo_new.svg","type":"image\/png"}],"twitter_card":"summary_large_image","twitter_misc":{"Gesch\u00e4tzte Lesezeit":"3\u00a0Minuten"},"schema":{"@context":"https:\/\/schema.org","@graph":[{"@type":"WebSite","@id":"https:\/\/topcasinoexpert.com\/#website","url":"https:\/\/topcasinoexpert.com\/","name":"TopCasinoExpert","description":"","potentialAction":[{"@type":"SearchAction","target":{"@type":"EntryPoint","urlTemplate":"https:\/\/topcasinoexpert.com\/?s={search_term_string}"},"query-input":"required name=search_term_string"}],"inLanguage":"de"},{"@type":"WebPage","@id":"https:\/\/topcasinoexpert.com\/hr\/policy\/#webpage","url":"https:\/\/topcasinoexpert.com\/hr\/policy\/","name":"[:en]Policy[:ua]\u041f\u043e\u043b\u043e\u0436\u0435\u043d\u043d\u044f \u0442\u0430 \u0423\u043c\u043e\u0432\u0438[:de]Richtlinie[:pl]Policy \u2022[:cz]XQMy[:hr]Uvjeti i odredbe[:]","isPartOf":{"@id":"https:\/\/topcasinoexpert.com\/#website"},"datePublished":"2019-12-12T12:57:29+00:00","dateModified":"2025-09-26T20:40:10+00:00","inLanguage":"de","potentialAction":[{"@type":"ReadAction","target":["https:\/\/topcasinoexpert.com\/hr\/policy\/"]}],"description":""},[]]}},"_links":{"self":[{"href":"https:\/\/topcasinoexpert.com\/de\/wp-json\/wp\/v2\/pages\/8426"}],"collection":[{"href":"https:\/\/topcasinoexpert.com\/de\/wp-json\/wp\/v2\/pages"}],"about":[{"href":"https:\/\/topcasinoexpert.com\/de\/wp-json\/wp\/v2\/types\/page"}],"author":[{"embeddable":true,"href":"https:\/\/topcasinoexpert.com\/de\/wp-json\/wp\/v2\/users\/1"}],"replies":[{"embeddable":true,"href":"https:\/\/topcasinoexpert.com\/de\/wp-json\/wp\/v2\/comments?post=8426"}],"version-history":[{"count":1,"href":"https:\/\/topcasinoexpert.com\/de\/wp-json\/wp\/v2\/pages\/8426\/revisions"}],"predecessor-version":[{"id":64079,"href":"https:\/\/topcasinoexpert.com\/de\/wp-json\/wp\/v2\/pages\/8426\/revisions\/64079"}],"wp:attachment":[{"href":"https:\/\/topcasinoexpert.com\/de\/wp-json\/wp\/v2\/media?parent=8426"}],"curies":[{"name":"wp","href":"https:\/\/api.w.org\/{rel}","templated":true}]}}