{"id":7531,"date":"2019-10-26T13:56:47","date_gmt":"2019-10-26T13:56:47","guid":{"rendered":"https:\/\/topcasinoexpert.com\/?page_id=7531"},"modified":"2025-09-27T14:39:57","modified_gmt":"2025-09-27T14:39:57","slug":"info-cookies","status":"publish","type":"page","link":"https:\/\/topcasinoexpert.com\/de\/info-cookies\/","title":{"rendered":"Allgemeine Gesch\u00e4ftsbedingungen"},"content":{"rendered":"\n<p class=\"terms-list\">Wenn Sie diese Website weiterhin besuchen und nutzen, erkl\u00e4ren Sie sich mit den folgenden Regeln einverstanden. Wenn Sie mit diesen <del>A<\/del><ins>a<\/ins>llgemeinen Gesch\u00e4ftsbedingungen nicht einverstanden sind, stellen Sie bitte die Nutzung dieser Website ein. Wir \u00fcbernehmen keine rechtliche Verantwortung f\u00fcr etwaige Fehler in unseren Materialien. Unsere Benutzer (Sie) sind selbst f\u00fcr die Pr\u00fcfung der rechtlichen Zul\u00e4ssigkeit der Nutzung unseres Dienstes verantwortlich.<\/p>\n\n\n\n<ul class=\"terms-list\"><li>Wir \u00fcbernehmen keine\n     rechtliche Verantwortung f\u00fcr etwaige Fehler in unseren Materialien.<\/li><li>Unsere Benutzer (Sie) sind\n     selbst f\u00fcr die Pr\u00fcfung der rechtlichen Zul\u00e4ssigkeit der Nutzung unseres\n     Dienstes verantwortlich.<\/li><li>Wir \u00fcbernehmen keine\n     Verantwortung f\u00fcr Sch\u00e4den, die sich aus der Verwendung unserer Materialien\n     ergeben k\u00f6nnen.<\/li><li>Diese Website verwendet\n     Cookies, um die Browsereinstellungen zu \u00fcberwachen. Diese werden jedoch in\n     \u00dcbereinstimmung mit unserer Datenschutzrichtlinie verwende.<\/li><li>Wir sind nicht verpflichtet,\n     pers\u00f6nliche Informationen von Personen unter 18 Jahren bekannt zu geben.<\/li><li>Wir sammeln oder verkaufen\n     keine Daten an Drittfirmen oder -personen.<\/li><li>Alle Informationen, die auf\n     dieser Website zur Verf\u00fcgung gestellt werden, dienen nicht <ins>als Rechtsberatung <\/ins>und sollten\n     nicht <del>als Rechtsberatung <\/del><ins>als solche <\/ins>verwendet werden.<\/li><li>Die Verwendung von\n     Informationen\/Materialien auf dieser Website erfolgt auf eigenes Risiko.\n     Es liegt in Ihrer eigenen Verantwortung zu \u00fcberpr\u00fcfen, ob die Produkte,\n     die Sie verwenden m\u00f6chten, Ihren Standards und spezifischen Anforderungen\n     entsprechen.<\/li><li>Wir werden nicht f\u00fcr\n     Verluste verantwortlich gemacht, die Ihnen bei der Nutzung unserer Website\n     entstehen.<\/li><li>Wenn Sie Fragen haben, steht\n     Ihnen unser Kundendienst zur Verf\u00fcgung.<\/li><li>Wir k\u00f6nnen Inhalte\n     entfernen, wenn sie absto\u00dfend, vulg\u00e4r, sexuell orientiert, bedrohlich,\n     diskriminierend<ins> sind<\/ins>, die Privatsph\u00e4re einer\n     Person verletzen, oder in irgendeiner Weise gegen internationale Gesetze\n     versto\u00dfen.<\/li><li>Diese Website enth\u00e4lt\n     Material, das unser Eigentum ist oder f\u00fcr das wir Nutzungsrechte erworben\n     haben. Dazu z\u00e4hlen insbesondere, aber nicht ausschlie\u00dflich: Layout,\n     Design, Grafiken, Text und Gestaltung. Das Kopieren und Bearbeiten solcher\n     Materialien ist verboten, au\u00dfer in \u00dcbereinstimmung mit dem\n     Urheberrechtsvermerk.<\/li><li>Diese Website kann Links zu\n     anderen Websites enthalten. Sie werden hinzugef\u00fcgt, um weitere, oft\n     detailliertere Informationen bereitzustellen. Wir \u00fcbernehmen keine\n     Verantwortung f\u00fcr den Inhalt der verlinkten Websites. Sie bedeuten auch\n     nicht, dass wir die auf diesen Websites angebotenen Materialien\n     bef\u00fcrworten.<\/li><li>Wir setzen alles daran, Sie\n     mit aktuellen Informationen zu versorgen und gleichzeitig fair und ethisch\n     korrekt zu bleiben. Wir sind eine Website f\u00fcr den Vergleich von\n     Online-Casinos und m\u00f6chten Ihnen Informationen anbieten, um Ihnen zu\n     helfen, mehr aus einer wahren und angenehmen Casino-Erfahrung\n     herauszuholen. Wir bieten eine Vielzahl von Informationen: von\n     Casino-Bewertungen bis hin zu ausf\u00fchrlicheren Anleitungen.<\/li><li>Der Spieler ist die\n     alleinige Person, die f\u00fcr alle Aspekte des Spielens im Online-Casino und\n     der Nutzung von Angeboten und M\u00f6glichkeiten sowie f\u00fcr die \u00dcberpr\u00fcfung der\n     Berechtigung von Boni, Treueprogrammen, Pr\u00e4mien, Aktionen usw.\n     verantwortlich ist.<\/li><li>Wir garantieren nicht f\u00fcr\n     die Sicherheit von Online-Casinos. Dies beinhaltet, ist aber nicht\n     beschr\u00e4nkt auf Sicherheitsbedrohungen, Viren, Informationsverlust,\n     technische Pannen, finanzielle Verluste oder andere Verluste oder Sch\u00e4den.\n     Unsere Website, s\u00e4mtliche Logos, Designs, Namen, Grafiken und Inhalte sind\n     durch Urheberrechtsgesetze, Gesetze zum geistigen Eigentum und\n     vertragliche Bestimmungen gesch\u00fctzt. Alle Informationen und Inhalte auf\n     dieser Website sind unser Eigentum.<\/li><\/ul>\n","protected":false},"excerpt":{"rendered":"Wenn Sie diese Website weiterhin besuchen und nutzen, erkl\u00e4ren Sie sich mit den folgenden Regeln einverstanden. Wenn Sie mit diesen Aallgemeinen Gesch\u00e4ftsbedingungen nicht einverstanden sind, stellen Sie bitte die Nutzung dieser Website ein. Wir \u00fcbernehmen keine rechtliche Verantwortung f\u00fcr etwaige Fehler in unseren Materialien. Unsere Benutzer (Sie) sind selbst f\u00fcr die Pr\u00fcfung der rechtlichen Zul\u00e4ssigkeit [&hellip;]","protected":false},"author":1,"featured_media":0,"parent":0,"menu_order":0,"comment_status":"closed","ping_status":"closed","template":"","meta":{"footnotes":""},"acf":[],"yoast_head":"<!-- This site is optimized with the Yoast SEO plugin v17.9 - https:\/\/yoast.com\/wordpress\/plugins\/seo\/ -->\n<link rel=\"canonical\" href=\"https:\/\/topcasinoexpert.com\/de\/wp-json\/wp\/v2\/pages\/7531\/\" \/>\n<meta property=\"og:locale\" content=\"de_DE\" \/>\n<meta property=\"og:locale:alternate\" content=\"en\" \/>\n<meta property=\"og:locale:alternate\" content=\"uk\" \/>\n<meta property=\"og:locale:alternate\" content=\"pl\" \/>\n<meta property=\"og:locale:alternate\" content=\"cs\" \/>\n<meta property=\"og:locale:alternate\" content=\"hr\" \/>\n<meta property=\"og:type\" content=\"article\" \/>\n<meta property=\"og:url\" content=\"https:\/\/topcasinoexpert.com\/de\/info-cookies\/\" \/>\n<meta property=\"og:site_name\" content=\"TopCasinoExpert\" \/>\n<meta property=\"article:modified_time\" content=\"2025-09-27T14:39:57+00:00\" \/>\n<meta property=\"og:image\" content=\"https:\/\/topcasinoexpert.com\/wp-content\/themes\/topcasinoexpert\/images\/logo_new.svg\" \/>\n\t<meta property=\"og:image:width\" content=\"105\" \/>\n\t<meta property=\"og:image:height\" content=\"114\" \/>\n\t<meta property=\"og:image:type\" content=\"image\/png\" \/>\n<meta name=\"twitter:card\" content=\"summary_large_image\" \/>\n<meta name=\"twitter:label1\" content=\"Gesch\u00e4tzte Lesezeit\" \/>\n\t<meta name=\"twitter:data1\" content=\"1\u00a0Minute\" \/>\n<script type=\"application\/ld+json\" class=\"yoast-schema-graph\">{\"@context\":\"https:\/\/schema.org\",\"@graph\":[{\"@type\":\"WebSite\",\"@id\":\"https:\/\/topcasinoexpert.com\/#website\",\"url\":\"https:\/\/topcasinoexpert.com\/\",\"name\":\"TopCasinoExpert\",\"description\":\"\",\"potentialAction\":[{\"@type\":\"SearchAction\",\"target\":{\"@type\":\"EntryPoint\",\"urlTemplate\":\"https:\/\/topcasinoexpert.com\/?s={search_term_string}\"},\"query-input\":\"required name=search_term_string\"}],\"inLanguage\":\"de\"},{\"@type\":\"WebPage\",\"@id\":\"https:\/\/topcasinoexpert.com\/info-cookies\/#webpage\",\"url\":\"https:\/\/topcasinoexpert.com\/info-cookies\/\",\"name\":\"[:en]Terms & Conditions[:ua]\\u0422\\u0435\\u0440\\u043c\\u0456\\u043d\\u0438 \\u0442\\u0430 \\u0423\\u043c\\u043e\\u0432\\u0438 \\u2022[:pl]Zasady i Warunki \\u2022[:hr]Uvjeti i odredbe[:]\",\"isPartOf\":{\"@id\":\"https:\/\/topcasinoexpert.com\/#website\"},\"datePublished\":\"2019-10-26T13:56:47+00:00\",\"dateModified\":\"2025-09-27T14:39:57+00:00\",\"inLanguage\":\"de\",\"potentialAction\":[{\"@type\":\"ReadAction\",\"target\":[\"https:\/\/topcasinoexpert.com\/info-cookies\/\"]}],\"description\":\"\"},[]]}<\/script>\n<!-- \/ Yoast SEO plugin. -->","yoast_head_json":{"canonical":"https:\/\/topcasinoexpert.com\/de\/wp-json\/wp\/v2\/pages\/7531\/","og_locale":"de_DE","og_type":"article","og_url":"https:\/\/topcasinoexpert.com\/de\/info-cookies\/","og_site_name":"TopCasinoExpert","article_modified_time":"2025-09-27T14:39:57+00:00","og_image":[{"width":105,"height":114,"url":"https:\/\/topcasinoexpert.com\/wp-content\/themes\/topcasinoexpert\/images\/logo_new.svg","type":"image\/png"}],"twitter_card":"summary_large_image","twitter_misc":{"Gesch\u00e4tzte Lesezeit":"1\u00a0Minute"},"schema":{"@context":"https:\/\/schema.org","@graph":[{"@type":"WebSite","@id":"https:\/\/topcasinoexpert.com\/#website","url":"https:\/\/topcasinoexpert.com\/","name":"TopCasinoExpert","description":"","potentialAction":[{"@type":"SearchAction","target":{"@type":"EntryPoint","urlTemplate":"https:\/\/topcasinoexpert.com\/?s={search_term_string}"},"query-input":"required name=search_term_string"}],"inLanguage":"de"},{"@type":"WebPage","@id":"https:\/\/topcasinoexpert.com\/info-cookies\/#webpage","url":"https:\/\/topcasinoexpert.com\/info-cookies\/","name":"[:en]Terms & Conditions[:ua]\u0422\u0435\u0440\u043c\u0456\u043d\u0438 \u0442\u0430 \u0423\u043c\u043e\u0432\u0438 \u2022[:pl]Zasady i Warunki \u2022[:hr]Uvjeti i odredbe[:]","isPartOf":{"@id":"https:\/\/topcasinoexpert.com\/#website"},"datePublished":"2019-10-26T13:56:47+00:00","dateModified":"2025-09-27T14:39:57+00:00","inLanguage":"de","potentialAction":[{"@type":"ReadAction","target":["https:\/\/topcasinoexpert.com\/info-cookies\/"]}],"description":""},[]]}},"_links":{"self":[{"href":"https:\/\/topcasinoexpert.com\/de\/wp-json\/wp\/v2\/pages\/7531"}],"collection":[{"href":"https:\/\/topcasinoexpert.com\/de\/wp-json\/wp\/v2\/pages"}],"about":[{"href":"https:\/\/topcasinoexpert.com\/de\/wp-json\/wp\/v2\/types\/page"}],"author":[{"embeddable":true,"href":"https:\/\/topcasinoexpert.com\/de\/wp-json\/wp\/v2\/users\/1"}],"replies":[{"embeddable":true,"href":"https:\/\/topcasinoexpert.com\/de\/wp-json\/wp\/v2\/comments?post=7531"}],"version-history":[{"count":1,"href":"https:\/\/topcasinoexpert.com\/de\/wp-json\/wp\/v2\/pages\/7531\/revisions"}],"predecessor-version":[{"id":64082,"href":"https:\/\/topcasinoexpert.com\/de\/wp-json\/wp\/v2\/pages\/7531\/revisions\/64082"}],"wp:attachment":[{"href":"https:\/\/topcasinoexpert.com\/de\/wp-json\/wp\/v2\/media?parent=7531"}],"curies":[{"name":"wp","href":"https:\/\/api.w.org\/{rel}","templated":true}]}}