
{"id":8426,"date":"2019-12-12T12:57:29","date_gmt":"2019-12-12T12:57:29","guid":{"rendered":"https:\/\/topcasinoexpert.com\/?page_id=8426"},"modified":"2025-09-26T20:40:10","modified_gmt":"2025-09-26T20:40:10","slug":"policy","status":"publish","type":"page","link":"https:\/\/topcasinoexpert.com\/cz\/policy\/","title":{"rendered":"XQMy"},"content":{"rendered":"\r\n<h2 class=\"h5-custom wp-block-heading\"><strong>Firemn\u00ed politika <\/strong><\/h2>\r\n\r\n\r\n\r\n<h2 class=\"h5-custom wp-block-heading\"><strong>V\u0161eobecn\u00e9 obchodn\u00ed podm\u00ednky<\/strong><\/h2>\r\n\r\n\r\n\r\n<p class=\"paragraf-custom\">V\u00edtejte na na\u0161ich webov\u00fdch str\u00e1nk\u00e1ch! Chcete-li\r\nweb nad\u00e1le pou\u017e\u00edvat, souhlas\u00edte s&nbsp;dodr\u017eov\u00e1n\u00edm n\u00e1sleduj\u00edc\u00edch pravidel.\r\nPokud s n\u011bkterou \u010d\u00e1st\u00ed t\u011bchto podm\u00ednek nesouhlas\u00edte, pros\u00edm, p\u0159esta\u0148te webov\u00e9\r\nstr\u00e1nky pou\u017e\u00edvat.<\/p>\r\n\r\n\r\n\r\n<h3 class=\"h5-custom wp-block-heading\"><strong>Datum pln\u011bn\u00ed:<\/strong><\/h3>\r\n\r\n\r\n\r\n<p class=\"paragraf-custom\">V\u00fdrazy jako \u201en\u00e1s\u201c, \u201emy\u201c nebo \u201en\u00e1\u0161\u201c budou nad\u00e1le\r\nozna\u010dov\u00e1ny jako \u201eSlu\u017eby\u201c. V\u00fdraz \u201evy\u201c ozna\u010duje u\u017eivatele webu.<\/p>\r\n\r\n\r\n\r\n<p class=\"paragraf-custom\">Pokud se rozhodnete pou\u017e\u00edvat na\u0161e slu\u017eby a chcete\r\nv\u011bd\u011bt o mo\u017enostech, kter\u00e9 se t\u00fdkaj\u00ed osobn\u00edch \u00fadaj\u016f, tato str\u00e1nka v\u00e1m poskytne\r\ninformace o na\u0161ich navrhnut\u00fdch z\u00e1sad\u00e1ch a d\u00e1le vysv\u011btluje z\u00e1sady shroma\u017e\u010fov\u00e1n\u00ed,\r\nvyu\u017e\u00edv\u00e1n\u00ed a zve\u0159ej\u0148ov\u00e1n\u00ed osobn\u00edch \u00fadaj\u016f.<\/p>\r\n\r\n\r\n\r\n<p class=\"paragraf-custom\">Va\u0161e data vyu\u017e\u00edv\u00e1me k zaji\u0161t\u011bn\u00ed neust\u00e1l\u00e9ho\r\nzlep\u0161ov\u00e1n\u00ed na\u0161ich slu\u017eeb. Pou\u017e\u00edv\u00e1n\u00edm slu\u017eeb poskytovan\u00fdch na\u0161\u00edm webem p\u0159ij\u00edm\u00e1te\r\npodm\u00ednky shroma\u017e\u010fov\u00e1n\u00ed a pou\u017e\u00edv\u00e1n\u00ed va\u0161ich osobn\u00edch \u00fadaj\u016f v souladu s t\u011bmito\r\nz\u00e1sadami.<\/p>\r\n\r\n\r\n\r\n<h3 class=\"h5-custom wp-block-heading\"><strong>Shroma\u017e\u010fov\u00e1n\u00ed a pou\u017e\u00edv\u00e1n\u00ed\r\ninformac\u00ed<\/strong><\/h3>\r\n\r\n\r\n\r\n<p class=\"paragraf-custom\">Abychom v\u00e1m mohli poskytovat a vylep\u0161ovat na\u0161e\r\nslu\u017eby dle va\u0161ich preferenc\u00ed, shroma\u017e\u010fujeme r\u016fzn\u00e9 informace, kter\u00e9 se pou\u017e\u00edvaj\u00ed\r\npro r\u016fzn\u00e9 \u00fa\u010dely.<\/p>\r\n\r\n\r\n\r\n<h2 class=\"h5-custom wp-block-heading\"><strong>Osobn\u00ed data<\/strong><\/h2>\r\n\r\n\r\n\r\n<h3 class=\"h5-custom wp-block-heading\"><strong>Druhy shroma\u017e\u010fovan\u00fdch \u00fadaj\u016f<\/strong><\/h3>\r\n\r\n\r\n\r\n<p class=\"paragraf-custom\">P\u0159i pou\u017e\u00edv\u00e1n\u00ed na\u0161ich slu\u017eeb m\u016f\u017eete b\u00fdt po\u017e\u00e1d\u00e1ni o\r\nposkytnut\u00ed ur\u010dit\u00fdch individu\u00e1ln\u011b rozpoznateln\u00fdch osobn\u00edch \u00fadaj\u016f, kter\u00e9 lze\r\npou\u017e\u00edt jako kontaktn\u00ed \u00fadaje nebo k va\u0161\u00ed identifikaci (\u201eosobn\u00ed \u00fadaje\u201c). Identifikovateln\u00e9\r\ninformace mohou zahrnovat, av\u0161ak nejsou omezeny jen na:<\/p>\r\n\r\n\r\n\r\n<ul class=\"terms-list\"><li>&nbsp;E-mailov\u00e1 adresa<\/li><li>&nbsp;Jm\u00e9no a p\u0159\u00edjmen\u00ed<\/li><li>Telefonn\u00ed \u010d\u00edslo<\/li><li> Cookies a vyu\u017eit\u00ed dat<\/li><\/ul>\r\n\r\n\r\n\r\n<h3 class=\"h5-custom wp-block-heading\"><strong>P\u0159enesen\u00e1 data (vyu\u017eit\u00ed dat)<\/strong><\/h3>\r\n\r\n\r\n\r\n<p class=\"paragraf-custom\">M\u016f\u017eeme tak\u00e9 shroma\u017e\u010fovat data o tom, jak k na\u0161im slu\u017eb\u00e1m\r\np\u0159istupujete a jak je vyu\u017e\u00edv\u00e1te (\u201eVyu\u017eit\u00ed dat\u201c). P\u0159enesen\u00e1 data mohou zahrnovat\r\ninformace, jako je internetov\u00fd protokol va\u0161eho po\u010d\u00edta\u010de (IP adresa), typ a\r\nverze prohl\u00ed\u017ee\u010de, str\u00e1nky na\u0161\u00ed slu\u017eby, kter\u00e9 jste nav\u0161t\u00edvili, \u010das a datum va\u0161\u00ed\r\nposledn\u00ed n\u00e1v\u0161t\u011bvy, \u010das str\u00e1ven\u00fd na t\u011bchto konkr\u00e9tn\u00edch str\u00e1nk\u00e1ch, jedine\u010dn\u00e9\r\nidentifikace za\u0159\u00edzen\u00ed a dal\u0161\u00ed diagnostick\u00e1 data.<\/p>\r\n\r\n\r\n\r\n<h3 class=\"h5-custom wp-block-heading\">Sledov\u00e1n\u00ed a soubory cookies<\/h3>\r\n\r\n\r\n\r\n<p class=\"paragraf-custom\">Pou\u017e\u00edv\u00e1me cookies a podobn\u00e9 sledovac\u00ed technologie\r\nke sledov\u00e1n\u00ed aktivity na na\u0161\u00ed slu\u017eb\u011b a k uchov\u00e1v\u00e1n\u00ed ur\u010dit\u00fdch dat.<\/p>\r\n\r\n\r\n\r\n<p class=\"paragraf-custom\">Cookies jsou mal\u00e9 soubory, kter\u00e9 jsou ulo\u017eeny v\r\npo\u010d\u00edta\u010di, tabletu nebo telefonu. Jsou navr\u017eeny tak, aby uchov\u00e1valy mal\u00e9\r\nmno\u017estv\u00ed dat, ke kter\u00fdm m\u00e1 webov\u00fd server nebo u\u017eivatel p\u0159\u00edstup. Pou\u017e\u00edv\u00e1me je ke\r\nzlep\u0161en\u00ed a anal\u00fdze na\u0161ich slu\u017eeb.<\/p>\r\n\r\n\r\n\r\n<p class=\"paragraf-custom\">V nastaven\u00ed ve va\u0161em prohl\u00ed\u017ee\u010di lze upravit, aby\r\nv\u0161echny soubory cookies byly zak\u00e1z\u00e1ny, anebo ur\u010dit, kdy je odes\u00edl\u00e1n\u00ed soubor\u016f\r\ncookies povoleno. Pokud v\u0161ak na na\u0161em webu tyto soubory nep\u0159ijmete, mo\u017en\u00e1\r\nnebudeme schopni v\u00e1m poskytnout plnohodnotn\u00e9 slu\u017eby a nebudete moci pou\u017e\u00edvat\r\nn\u011bkter\u00e9 \u010d\u00e1sti slu\u017eeb.<\/p>\r\n\r\n\r\n\r\n<p class=\"paragraf-custom\">P\u0159\u00edklady cookies, kter\u00e9 pou\u017e\u00edv\u00e1me:<\/p>\r\n\r\n\r\n\r\n<ul class=\"terms-list\"><li><strong>Cookies relace<\/strong> \u2013 k provozov\u00e1n\u00ed na\u0161ich slu\u017eeb<\/li><li><strong>Preference Cookies<\/strong> \u2013 k ulo\u017een\u00ed va\u0161ich preferenc\u00ed a\r\nr\u016fzn\u00fdch nastaven\u00ed<\/li><li><strong>Bezpe\u010dnostn\u00ed Cookies<\/strong> \u2013 pro bezpe\u010dnostn\u00ed \u00fa\u010dely<\/li><\/ul>\r\n\r\n\r\n\r\n<h2 class=\"h5-custom wp-block-heading\"><strong>Pou\u017eit\u00ed dat<\/strong><\/h2>\r\n\r\n\r\n\r\n<p class=\"paragraf-custom\">Slu\u017eba vyu\u017e\u00edv\u00e1 shrom\u00e1\u017ed\u011bn\u00e1 data pro r\u016fzn\u00e9 \u00fa\u010dely:<\/p>\r\n\r\n\r\n\r\n<ul class=\"terms-list\"><li>Nab\u00edzet a podporovat slu\u017eby<\/li><li>Informovat v\u00e1s o zm\u011bn\u00e1ch na\u0161ich slu\u017eeb<\/li><li>Umo\u017enit v\u00e1m \u00fa\u010dastnit se interaktivn\u00edch funkc\u00ed na\u0161ich slu\u017eeb,\r\npokud se tak rozhodnete<\/li><li>Zajistit p\u00e9\u010di a podporu pro z\u00e1kazn\u00edky <\/li><li>Poskytnout anal\u00fdzu nebo hodnotn\u00e1 data ke zlep\u0161en\u00ed slu\u017eeb<\/li><li>Sledovat vyu\u017e\u00edv\u00e1n\u00ed slu\u017eeb<\/li><li>Identifikovat, zastavit a \u0159e\u0161it technick\u00e9 probl\u00e9my<\/li><\/ul>\r\n\r\n\r\n\r\n<p class=\"paragraf-custom\">Bezpe\u010dnost va\u0161ich \u00fadaj\u016f je pro n\u00e1s d\u016fle\u017eit\u00e1.\r\nPodnikneme ve\u0161ker\u00e1 nezbytn\u00e1 opat\u0159en\u00ed, abychom zajistili, \u017ee va\u0161e data jsou v\r\nbezpe\u010d\u00ed a v souladu se smluvn\u00edmi podm\u00ednkami a \u017ee nedojde k \u017e\u00e1dn\u00e9mu p\u0159enosu\r\nva\u0161ich dat a osobn\u00edch \u00fadaj\u016f v&nbsp;r\u00e1mci organizace, zem\u011b nebo k jin\u00fdm lidem.<\/p>\r\n\r\n\r\n\r\n<h2 class=\"h5-custom wp-block-heading\"><strong>Ochrana osobn\u00edch \u00fadaj\u016f u d\u011bt\u00ed<\/strong><\/h2>\r\n\r\n\r\n\r\n<p class=\"paragraf-custom\">Na\u0161e slu\u017eby by nem\u011bly b\u00fdt vyu\u017e\u00edv\u00e1ny osobami mlad\u0161\u00edmi\r\n18 let.<\/p>\r\n\r\n\r\n\r\n<p class=\"paragraf-custom\">V\u011bdom\u011b neshroma\u017e\u010fujeme \u017e\u00e1dn\u00e9 informace od nikoho\r\nmlad\u0161\u00edho 18 let. Pokud jste rodi\u010d nebo z\u00e1konn\u00fd z\u00e1stupce a jste si v\u011bdomi, \u017ee\r\nn\u00e1m va\u0161e d\u00edt\u011b poskytlo sv\u00e9 informace, okam\u017eit\u011b n\u00e1s pros\u00edm kontaktujte. Pokud\r\nzjist\u00edme, \u017ee jsme z\u00edskali data od nezletil\u00fdch, podnikneme kroky k jejich\r\nodstran\u011bn\u00ed.<\/p>\r\n\r\n\r\n\r\n<h2 class=\"h5-custom wp-block-heading\"><strong>Zm\u011bny<\/strong><\/h2>\r\n\r\n\r\n\r\n<p class=\"paragraf-custom\">Je mo\u017en\u00e9, \u017ee budeme na\u0161e obchodn\u00ed podm\u00ednky aktualizovat. Pokud se tak\r\nstane, budeme v\u00e1s informovat o v\u0161ech zm\u011bn\u00e1ch prost\u0159ednictv\u00edm e-mailu a\/nebo\r\nozn\u00e1men\u00edm na na\u0161\u00ed slu\u017eb\u011b. Zm\u011bny vstoup\u00ed v platnost, jakmile budou zve\u0159ejn\u011bny na\r\nt\u00e9to str\u00e1nce, pokud nen\u00ed uvedeno jinak.<\/p>\r\n\r\n\r\n\r\n<h2 class=\"h5-custom wp-block-heading\"><strong>Kontaktujte n\u00e1s<\/strong><\/h2>\r\n\r\n\r\n\r\n<p class=\"paragraf-custom\">Pokud m\u00e1te jak\u00e9koli dotazy ohledn\u011b na\u0161ich smluvn\u00edch podm\u00ednek, pros\u00edm\r\nkontaktujte n\u00e1s na: <a href=\"mailto:info@topcasinoexpert.com\">info@topcasinoexpert.com<\/a><\/p>\r\n","protected":false},"excerpt":{"rendered":"Firemn\u00ed politika V\u0161eobecn\u00e9 obchodn\u00ed podm\u00ednky V\u00edtejte na na\u0161ich webov\u00fdch str\u00e1nk\u00e1ch! Chcete-li web nad\u00e1le pou\u017e\u00edvat, souhlas\u00edte s&nbsp;dodr\u017eov\u00e1n\u00edm n\u00e1sleduj\u00edc\u00edch pravidel. Pokud s n\u011bkterou \u010d\u00e1st\u00ed t\u011bchto podm\u00ednek nesouhlas\u00edte, pros\u00edm, p\u0159esta\u0148te webov\u00e9 str\u00e1nky pou\u017e\u00edvat. Datum pln\u011bn\u00ed: V\u00fdrazy jako \u201en\u00e1s\u201c, \u201emy\u201c nebo \u201en\u00e1\u0161\u201c budou nad\u00e1le ozna\u010dov\u00e1ny jako \u201eSlu\u017eby\u201c. V\u00fdraz \u201evy\u201c ozna\u010duje u\u017eivatele webu. Pokud se rozhodnete pou\u017e\u00edvat na\u0161e slu\u017eby a [&hellip;]","protected":false},"author":1,"featured_media":0,"parent":0,"menu_order":0,"comment_status":"closed","ping_status":"closed","template":"","meta":{"footnotes":""},"acf":[],"yoast_head":"<!-- This site is optimized with the Yoast SEO plugin v17.9 - https:\/\/yoast.com\/wordpress\/plugins\/seo\/ -->\n<link rel=\"canonical\" href=\"https:\/\/topcasinoexpert.com\/cz\/wp-json\/wp\/v2\/pages\/8426\/\" \/>\n<meta property=\"og:locale\" content=\"cs_CZ\" \/>\n<meta property=\"og:locale:alternate\" content=\"en\" \/>\n<meta property=\"og:locale:alternate\" content=\"uk\" \/>\n<meta property=\"og:locale:alternate\" content=\"de\" \/>\n<meta property=\"og:locale:alternate\" content=\"pl\" \/>\n<meta property=\"og:locale:alternate\" content=\"hr\" \/>\n<meta property=\"og:type\" content=\"article\" \/>\n<meta property=\"og:url\" content=\"https:\/\/topcasinoexpert.com\/cz\/policy\/\" \/>\n<meta property=\"og:site_name\" content=\"TopCasinoExpert\" \/>\n<meta property=\"article:modified_time\" content=\"2025-09-26T20:40:10+00:00\" \/>\n<meta property=\"og:image\" content=\"https:\/\/topcasinoexpert.com\/wp-content\/themes\/topcasinoexpert\/images\/logo_new.svg\" \/>\n\t<meta property=\"og:image:width\" content=\"105\" \/>\n\t<meta property=\"og:image:height\" content=\"114\" \/>\n\t<meta property=\"og:image:type\" content=\"image\/png\" \/>\n<meta name=\"twitter:card\" content=\"summary_large_image\" \/>\n<meta name=\"twitter:label1\" content=\"Odhadovan\u00e1 doba \u010dten\u00ed\" \/>\n\t<meta name=\"twitter:data1\" content=\"3 minuty\" \/>\n<script type=\"application\/ld+json\" class=\"yoast-schema-graph\">{\"@context\":\"https:\/\/schema.org\",\"@graph\":[{\"@type\":\"WebSite\",\"@id\":\"https:\/\/topcasinoexpert.com\/#website\",\"url\":\"https:\/\/topcasinoexpert.com\/\",\"name\":\"TopCasinoExpert\",\"description\":\"\",\"potentialAction\":[{\"@type\":\"SearchAction\",\"target\":{\"@type\":\"EntryPoint\",\"urlTemplate\":\"https:\/\/topcasinoexpert.com\/?s={search_term_string}\"},\"query-input\":\"required name=search_term_string\"}],\"inLanguage\":\"cs\"},{\"@type\":\"WebPage\",\"@id\":\"https:\/\/topcasinoexpert.com\/hr\/policy\/#webpage\",\"url\":\"https:\/\/topcasinoexpert.com\/hr\/policy\/\",\"name\":\"[:en]Policy[:ua]\\u041f\\u043e\\u043b\\u043e\\u0436\\u0435\\u043d\\u043d\\u044f \\u0442\\u0430 \\u0423\\u043c\\u043e\\u0432\\u0438[:de]Richtlinie[:pl]Policy \\u2022[:cz]XQMy[:hr]Uvjeti i odredbe[:]\",\"isPartOf\":{\"@id\":\"https:\/\/topcasinoexpert.com\/#website\"},\"datePublished\":\"2019-12-12T12:57:29+00:00\",\"dateModified\":\"2025-09-26T20:40:10+00:00\",\"inLanguage\":\"cs\",\"potentialAction\":[{\"@type\":\"ReadAction\",\"target\":[\"https:\/\/topcasinoexpert.com\/hr\/policy\/\"]}],\"description\":\"\"},[]]}<\/script>\n<!-- \/ Yoast SEO plugin. -->","yoast_head_json":{"canonical":"https:\/\/topcasinoexpert.com\/cz\/wp-json\/wp\/v2\/pages\/8426\/","og_locale":"cs_CZ","og_type":"article","og_url":"https:\/\/topcasinoexpert.com\/cz\/policy\/","og_site_name":"TopCasinoExpert","article_modified_time":"2025-09-26T20:40:10+00:00","og_image":[{"width":105,"height":114,"url":"https:\/\/topcasinoexpert.com\/wp-content\/themes\/topcasinoexpert\/images\/logo_new.svg","type":"image\/png"}],"twitter_card":"summary_large_image","twitter_misc":{"Odhadovan\u00e1 doba \u010dten\u00ed":"3 minuty"},"schema":{"@context":"https:\/\/schema.org","@graph":[{"@type":"WebSite","@id":"https:\/\/topcasinoexpert.com\/#website","url":"https:\/\/topcasinoexpert.com\/","name":"TopCasinoExpert","description":"","potentialAction":[{"@type":"SearchAction","target":{"@type":"EntryPoint","urlTemplate":"https:\/\/topcasinoexpert.com\/?s={search_term_string}"},"query-input":"required name=search_term_string"}],"inLanguage":"cs"},{"@type":"WebPage","@id":"https:\/\/topcasinoexpert.com\/hr\/policy\/#webpage","url":"https:\/\/topcasinoexpert.com\/hr\/policy\/","name":"[:en]Policy[:ua]\u041f\u043e\u043b\u043e\u0436\u0435\u043d\u043d\u044f \u0442\u0430 \u0423\u043c\u043e\u0432\u0438[:de]Richtlinie[:pl]Policy \u2022[:cz]XQMy[:hr]Uvjeti i odredbe[:]","isPartOf":{"@id":"https:\/\/topcasinoexpert.com\/#website"},"datePublished":"2019-12-12T12:57:29+00:00","dateModified":"2025-09-26T20:40:10+00:00","inLanguage":"cs","potentialAction":[{"@type":"ReadAction","target":["https:\/\/topcasinoexpert.com\/hr\/policy\/"]}],"description":""},[]]}},"_links":{"self":[{"href":"https:\/\/topcasinoexpert.com\/cz\/wp-json\/wp\/v2\/pages\/8426"}],"collection":[{"href":"https:\/\/topcasinoexpert.com\/cz\/wp-json\/wp\/v2\/pages"}],"about":[{"href":"https:\/\/topcasinoexpert.com\/cz\/wp-json\/wp\/v2\/types\/page"}],"author":[{"embeddable":true,"href":"https:\/\/topcasinoexpert.com\/cz\/wp-json\/wp\/v2\/users\/1"}],"replies":[{"embeddable":true,"href":"https:\/\/topcasinoexpert.com\/cz\/wp-json\/wp\/v2\/comments?post=8426"}],"version-history":[{"count":1,"href":"https:\/\/topcasinoexpert.com\/cz\/wp-json\/wp\/v2\/pages\/8426\/revisions"}],"predecessor-version":[{"id":64079,"href":"https:\/\/topcasinoexpert.com\/cz\/wp-json\/wp\/v2\/pages\/8426\/revisions\/64079"}],"wp:attachment":[{"href":"https:\/\/topcasinoexpert.com\/cz\/wp-json\/wp\/v2\/media?parent=8426"}],"curies":[{"name":"wp","href":"https:\/\/api.w.org\/{rel}","templated":true}]}}