{"id":7531,"date":"2019-10-26T13:56:47","date_gmt":"2019-10-26T13:56:47","guid":{"rendered":"https:\/\/topcasinoexpert.com\/?page_id=7531"},"modified":"2025-09-27T14:39:57","modified_gmt":"2025-09-27T14:39:57","slug":"info-cookies","status":"publish","type":"page","link":"https:\/\/topcasinoexpert.com\/cz\/info-cookies\/","title":{"rendered":"V\u0161eobecn\u00e9 obchodn\u00ed podm\u00ednky"},"content":{"rendered":"\n<p class=\"terms-list\">V\u00edtejte na na\u0161ich webov\u00fdch str\u00e1nk\u00e1ch! Chcete-li\nweb nad\u00e1le pou\u017e\u00edvat, souhlas\u00edte s&nbsp;dodr\u017eov\u00e1n\u00edm n\u00e1sleduj\u00edc\u00edch pravidel.\nPokud s n\u011bkterou \u010d\u00e1st\u00ed t\u011bchto podm\u00ednek nesouhlas\u00edte, pros\u00edm, p\u0159esta\u0148te webov\u00e9\nstr\u00e1nky pou\u017e\u00edvat. Neneseme \u017e\u00e1dnou pr\u00e1vn\u00ed odpov\u011bdnost za p\u0159\u00edpadn\u00e9 chyby v na\u0161ich\nmateri\u00e1lech. Na\u0161i u\u017eivatel\u00e9 (vy) odpov\u00eddaj\u00ed za ur\u010den\u00ed, zda maj\u00ed ze z\u00e1kona\npovoleno pou\u017e\u00edvat na\u0161e slu\u017eby.<\/p>\n\n\n\n<ul class=\"terms-list\"><li>Neneseme \u017e\u00e1dnou pr\u00e1vn\u00ed odpov\u011bdnost za p\u0159\u00edpadn\u00e9 chyby v\u00a0na\u0161ich materi\u00e1lech. <\/li><li>Na\u0161i u\u017eivatel\u00e9 (vy) jsou odpov\u011bdni za ur\u010den\u00ed, zda jsou leg\u00e1ln\u011b opr\u00e1vn\u011bni pou\u017e\u00edvat na\u0161e slu\u017eby.<\/li><li>Nejsme odpov\u011bdni za \u017e\u00e1dn\u00e9 \u0161kody, kter\u00e9 mohou vzniknout p\u0159i pou\u017e\u00edv\u00e1n\u00ed na\u0161ich materi\u00e1l\u016f.<\/li><li>Tato webov\u00e1 str\u00e1nka pou\u017e\u00edv\u00e1 cookies k monitorov\u00e1n\u00ed preferenc\u00ed prohl\u00ed\u017een\u00ed, jsou v\u0161ak pou\u017e\u00edv\u00e1ny v souladu s na\u0161imi Z\u00e1sadami ochrany osobn\u00edch \u00fadaj\u016f.<\/li><li>Nepo\u017eadujeme zve\u0159ej\u0148ov\u00e1n\u00ed osobn\u00edch \u00fadaj\u016f od osob mlad\u0161\u00edch 18 let.<\/li><li>Neshroma\u017e\u010fujeme ani neprod\u00e1v\u00e1me \u017e\u00e1dn\u00e1 data spole\u010dnostem nebo osob\u00e1m t\u0159et\u00edch stran.<\/li><li>Jak\u00e9koli informace poskytovan\u00e9 na t\u00e9to webov\u00e9 str\u00e1nce nejsou a nem\u011bly by b\u00fdt pou\u017eity jako pr\u00e1vn\u00ed poradenstv\u00ed.<\/li><li>Pou\u017e\u00edv\u00e1n\u00ed jak\u00fdchkoli informac\u00ed\/materi\u00e1l\u016f na tomto webu je zcela na va\u0161e vlastn\u00ed riziko. Je va\u0161\u00ed vlastn\u00ed odpov\u011bdnost\u00ed zajistit, \u017ee v\u0161echny produkty, kter\u00e9 budete cht\u00edt pou\u017e\u00edvat, odpov\u00eddaj\u00ed va\u0161im standard\u016fm a specifick\u00fdm po\u017eadavk\u016fm.<\/li><li>Nebudeme zodpov\u011bdn\u00ed za p\u0159\u00edpadn\u00e9 ztr\u00e1ty, kter\u00e9 mohou nastat p\u0159i pou\u017e\u00edv\u00e1n\u00ed na\u0161ich webov\u00fdch str\u00e1nek.<\/li><li>M\u00e1te-li jak\u00e9koli dotazy, bude v\u00e1m k dispozici n\u00e1\u0161 z\u00e1kaznick\u00fd servis.<\/li><li>M\u016f\u017eeme odstranit obsah, pokud je nen\u00e1vistn\u00e9ho charakteru, vulg\u00e1rn\u00ed, sexu\u00e1ln\u011b orientovan\u00fd, vyhro\u017euj\u00edc\u00ed, diskrimina\u010dn\u00ed, naru\u0161uj\u00edc\u00ed soukrom\u00ed jednotlivce nebo jak\u00fdmkoli zp\u016fsobem poru\u0161uje mezin\u00e1rodn\u00ed z\u00e1kony.<\/li><li>Tato webov\u00e1 str\u00e1nka obsahuje materi\u00e1l, kter\u00fd je v\u00a0na\u0161em vlastnictv\u00ed nebo n\u00e1m na n\u011bj byla ud\u011blena licence. To m\u016f\u017ee zahrnovat, ale nen\u00ed omezeno jen na: rozvr\u017een\u00ed, design, grafiku, text a vzhled. Kop\u00edrov\u00e1n\u00ed a \u00fapravy takov\u00fdch materi\u00e1l\u016f jsou zak\u00e1z\u00e1ny, s\u00a0v\u00fdjimkou t\u011bch, je\u017e jsou v souladu s autorsk\u00fdmi pr\u00e1vy.<\/li><li>Tato webov\u00e1 str\u00e1nka m\u016f\u017ee obsahovat odkazy na jin\u00e9 str\u00e1nky. Jsou p\u0159id\u00e1ny, aby poskytly dal\u0161\u00ed, \u010dasto podrobn\u011bj\u0161\u00ed informace. Neneseme \u017e\u00e1dnou odpov\u011bdnost za obsah na odkazovan\u00fdch webov\u00fdch str\u00e1nk\u00e1ch. Rovn\u011b\u017e to neznamen\u00e1, \u017ee podporujeme materi\u00e1ly poskytovan\u00e9 na t\u011bchto webov\u00fdch str\u00e1nk\u00e1ch.<\/li><li>D\u011bl\u00e1me v\u0161e, co je v na\u0161ich sil\u00e1ch, abychom v\u00e1m poskytli aktu\u00e1ln\u00ed informace a p\u0159itom z\u016fstali spravedliv\u00ed a eti\u010dt\u00ed. Jsme porovn\u00e1vac\u00ed web online kasin zam\u011b\u0159en\u00fd na poskytov\u00e1n\u00ed informac\u00ed, kter\u00e9 v\u00e1m pomohou zajistit opravdov\u00fd a p\u0159\u00edjemn\u00fd z\u00e1\u017eitek z kasina. Nab\u00edz\u00edme spoustu informac\u00ed, od kasinov\u00fdch recenz\u00ed po podrobn\u011bj\u0161\u00ed pr\u016fvodce.<\/li><li>Hr\u00e1\u010d je jedinou osobou odpov\u011bdnou za v\u0161echny aspekty hran\u00ed v online kasinu a vyu\u017e\u00edv\u00e1n\u00ed v\u00fdhod v\u0161ech nab\u00eddek nebo p\u0159\u00edle\u017eitost\u00ed, jako\u017e i za kontrolu zp\u016fsobilosti bonus\u016f, v\u011brnostn\u00edch program\u016f, odm\u011bn, propaga\u010dn\u00edch akc\u00ed atd.<\/li><li>Nezaru\u010dujeme bezpe\u010dnost ani z\u00e1ruky online kasin. To zahrnuje, ale nen\u00ed omezeno pouze na bezpe\u010dnostn\u00ed hrozby, viry, ztr\u00e1tu informac\u00ed, technick\u00e9 z\u00e1vady, pen\u011b\u017en\u00ed ztr\u00e1ty nebo jin\u00e9 ztr\u00e1ty \u010di \u0161kody. Na\u0161e webov\u00e9 str\u00e1nky, v\u0161echna loga, designy, jm\u00e9na, grafika a obsah jsou chr\u00e1n\u011bny autorsk\u00fdmi pr\u00e1vy, z\u00e1kony o du\u0161evn\u00edm vlastnictv\u00ed a ustanoven\u00fdmi smlouvami. Ve\u0161ker\u00e9 informace a obsah nalezen\u00fd na tomto webu je na\u0161\u00edm majetkem.<\/li><\/ul>\n","protected":false},"excerpt":{"rendered":"V\u00edtejte na na\u0161ich webov\u00fdch str\u00e1nk\u00e1ch! Chcete-li web nad\u00e1le pou\u017e\u00edvat, souhlas\u00edte s&nbsp;dodr\u017eov\u00e1n\u00edm n\u00e1sleduj\u00edc\u00edch pravidel. Pokud s n\u011bkterou \u010d\u00e1st\u00ed t\u011bchto podm\u00ednek nesouhlas\u00edte, pros\u00edm, p\u0159esta\u0148te webov\u00e9 str\u00e1nky pou\u017e\u00edvat. Neneseme \u017e\u00e1dnou pr\u00e1vn\u00ed odpov\u011bdnost za p\u0159\u00edpadn\u00e9 chyby v na\u0161ich materi\u00e1lech. Na\u0161i u\u017eivatel\u00e9 (vy) odpov\u00eddaj\u00ed za ur\u010den\u00ed, zda maj\u00ed ze z\u00e1kona povoleno pou\u017e\u00edvat na\u0161e slu\u017eby. Neneseme \u017e\u00e1dnou pr\u00e1vn\u00ed odpov\u011bdnost za p\u0159\u00edpadn\u00e9 [&hellip;]","protected":false},"author":1,"featured_media":0,"parent":0,"menu_order":0,"comment_status":"closed","ping_status":"closed","template":"","meta":{"footnotes":""},"acf":[],"yoast_head":"<!-- This site is optimized with the Yoast SEO plugin v17.9 - https:\/\/yoast.com\/wordpress\/plugins\/seo\/ -->\n<link rel=\"canonical\" href=\"https:\/\/topcasinoexpert.com\/cz\/wp-json\/wp\/v2\/pages\/7531\/\" \/>\n<meta property=\"og:locale\" content=\"cs_CZ\" \/>\n<meta property=\"og:locale:alternate\" content=\"en\" \/>\n<meta property=\"og:locale:alternate\" content=\"uk\" \/>\n<meta property=\"og:locale:alternate\" content=\"de\" \/>\n<meta property=\"og:locale:alternate\" content=\"pl\" \/>\n<meta property=\"og:locale:alternate\" content=\"hr\" \/>\n<meta property=\"og:type\" content=\"article\" \/>\n<meta property=\"og:url\" content=\"https:\/\/topcasinoexpert.com\/cz\/info-cookies\/\" \/>\n<meta property=\"og:site_name\" content=\"TopCasinoExpert\" \/>\n<meta property=\"article:modified_time\" content=\"2025-09-27T14:39:57+00:00\" \/>\n<meta property=\"og:image\" content=\"https:\/\/topcasinoexpert.com\/wp-content\/themes\/topcasinoexpert\/images\/logo_new.svg\" \/>\n\t<meta property=\"og:image:width\" content=\"105\" \/>\n\t<meta property=\"og:image:height\" content=\"114\" \/>\n\t<meta property=\"og:image:type\" content=\"image\/png\" \/>\n<meta name=\"twitter:card\" content=\"summary_large_image\" \/>\n<meta name=\"twitter:label1\" content=\"Odhadovan\u00e1 doba \u010dten\u00ed\" \/>\n\t<meta name=\"twitter:data1\" content=\"1 minuta\" \/>\n<script type=\"application\/ld+json\" class=\"yoast-schema-graph\">{\"@context\":\"https:\/\/schema.org\",\"@graph\":[{\"@type\":\"WebSite\",\"@id\":\"https:\/\/topcasinoexpert.com\/#website\",\"url\":\"https:\/\/topcasinoexpert.com\/\",\"name\":\"TopCasinoExpert\",\"description\":\"\",\"potentialAction\":[{\"@type\":\"SearchAction\",\"target\":{\"@type\":\"EntryPoint\",\"urlTemplate\":\"https:\/\/topcasinoexpert.com\/?s={search_term_string}\"},\"query-input\":\"required name=search_term_string\"}],\"inLanguage\":\"cs\"},{\"@type\":\"WebPage\",\"@id\":\"https:\/\/topcasinoexpert.com\/info-cookies\/#webpage\",\"url\":\"https:\/\/topcasinoexpert.com\/info-cookies\/\",\"name\":\"[:en]Terms & Conditions[:ua]\\u0422\\u0435\\u0440\\u043c\\u0456\\u043d\\u0438 \\u0442\\u0430 \\u0423\\u043c\\u043e\\u0432\\u0438 \\u2022[:pl]Zasady i Warunki \\u2022[:hr]Uvjeti i odredbe[:]\",\"isPartOf\":{\"@id\":\"https:\/\/topcasinoexpert.com\/#website\"},\"datePublished\":\"2019-10-26T13:56:47+00:00\",\"dateModified\":\"2025-09-27T14:39:57+00:00\",\"inLanguage\":\"cs\",\"potentialAction\":[{\"@type\":\"ReadAction\",\"target\":[\"https:\/\/topcasinoexpert.com\/info-cookies\/\"]}],\"description\":\"\"},[]]}<\/script>\n<!-- \/ Yoast SEO plugin. -->","yoast_head_json":{"canonical":"https:\/\/topcasinoexpert.com\/cz\/wp-json\/wp\/v2\/pages\/7531\/","og_locale":"cs_CZ","og_type":"article","og_url":"https:\/\/topcasinoexpert.com\/cz\/info-cookies\/","og_site_name":"TopCasinoExpert","article_modified_time":"2025-09-27T14:39:57+00:00","og_image":[{"width":105,"height":114,"url":"https:\/\/topcasinoexpert.com\/wp-content\/themes\/topcasinoexpert\/images\/logo_new.svg","type":"image\/png"}],"twitter_card":"summary_large_image","twitter_misc":{"Odhadovan\u00e1 doba \u010dten\u00ed":"1 minuta"},"schema":{"@context":"https:\/\/schema.org","@graph":[{"@type":"WebSite","@id":"https:\/\/topcasinoexpert.com\/#website","url":"https:\/\/topcasinoexpert.com\/","name":"TopCasinoExpert","description":"","potentialAction":[{"@type":"SearchAction","target":{"@type":"EntryPoint","urlTemplate":"https:\/\/topcasinoexpert.com\/?s={search_term_string}"},"query-input":"required name=search_term_string"}],"inLanguage":"cs"},{"@type":"WebPage","@id":"https:\/\/topcasinoexpert.com\/info-cookies\/#webpage","url":"https:\/\/topcasinoexpert.com\/info-cookies\/","name":"[:en]Terms & Conditions[:ua]\u0422\u0435\u0440\u043c\u0456\u043d\u0438 \u0442\u0430 \u0423\u043c\u043e\u0432\u0438 \u2022[:pl]Zasady i Warunki \u2022[:hr]Uvjeti i odredbe[:]","isPartOf":{"@id":"https:\/\/topcasinoexpert.com\/#website"},"datePublished":"2019-10-26T13:56:47+00:00","dateModified":"2025-09-27T14:39:57+00:00","inLanguage":"cs","potentialAction":[{"@type":"ReadAction","target":["https:\/\/topcasinoexpert.com\/info-cookies\/"]}],"description":""},[]]}},"_links":{"self":[{"href":"https:\/\/topcasinoexpert.com\/cz\/wp-json\/wp\/v2\/pages\/7531"}],"collection":[{"href":"https:\/\/topcasinoexpert.com\/cz\/wp-json\/wp\/v2\/pages"}],"about":[{"href":"https:\/\/topcasinoexpert.com\/cz\/wp-json\/wp\/v2\/types\/page"}],"author":[{"embeddable":true,"href":"https:\/\/topcasinoexpert.com\/cz\/wp-json\/wp\/v2\/users\/1"}],"replies":[{"embeddable":true,"href":"https:\/\/topcasinoexpert.com\/cz\/wp-json\/wp\/v2\/comments?post=7531"}],"version-history":[{"count":1,"href":"https:\/\/topcasinoexpert.com\/cz\/wp-json\/wp\/v2\/pages\/7531\/revisions"}],"predecessor-version":[{"id":64082,"href":"https:\/\/topcasinoexpert.com\/cz\/wp-json\/wp\/v2\/pages\/7531\/revisions\/64082"}],"wp:attachment":[{"href":"https:\/\/topcasinoexpert.com\/cz\/wp-json\/wp\/v2\/media?parent=7531"}],"curies":[{"name":"wp","href":"https:\/\/api.w.org\/{rel}","templated":true}]}}